{"id":1109,"date":"2022-09-30T07:41:26","date_gmt":"2022-09-30T06:41:26","guid":{"rendered":"https:\/\/macpherson.es\/web\/?page_id=1109"},"modified":"2022-10-24T08:50:29","modified_gmt":"2022-10-24T07:50:29","slug":"otras-industrias","status":"publish","type":"page","link":"https:\/\/macpherson.es\/web\/en\/otras-industrias\/","title":{"rendered":"Other industries"},"content":{"rendered":"<div data-colibri-id=\"1109-c1\" class=\"style-1155 style-local-1109-c1 position-relative\">\n  <!---->\n  <div data-colibri-component=\"section\" data-colibri-id=\"1109-c2\" id=\"about\" class=\"h-section h-section-global-spacing d-flex align-items-lg-center align-items-md-center align-items-center style-1156 style-local-1109-c2 position-relative\">\n    <!---->\n    <!---->\n    <div class=\"h-section-grid-container h-section-boxed-container\">\n      <!---->\n      <div data-colibri-id=\"1109-c3\" class=\"h-row-container gutters-row-lg-0 gutters-row-md-0 gutters-row-0 gutters-row-v-lg-0 gutters-row-v-md-0 gutters-row-v-0 style-1157 style-local-1109-c3 position-relative\">\n        <!---->\n        <div class=\"h-row justify-content-lg-center justify-content-md-center justify-content-center align-items-lg-stretch align-items-md-stretch align-items-stretch gutters-col-lg-0 gutters-col-md-0 gutters-col-0 gutters-col-v-lg-0 gutters-col-v-md-0 gutters-col-v-0\">\n          <!---->\n          <div class=\"h-column h-column-container d-flex h-col-lg-auto h-col-md-auto h-col-auto style-1158-outer style-local-1109-c4-outer\">\n            <div data-colibri-id=\"1109-c4\" class=\"d-flex h-flex-basis h-column__inner h-px-lg-0 h-px-md-0 h-px-0 v-inner-lg-0 v-inner-md-0 v-inner-0 style-1158 style-local-1109-c4 position-relative\">\n              <!---->\n              <!---->\n              <div class=\"w-100 h-y-container h-column__content h-column__v-align flex-basis-100 align-self-lg-start align-self-md-start align-self-start\">\n                <!---->\n                <div data-colibri-id=\"1109-c5\" class=\"h-global-transition-all h-heading style-1160 style-local-1109-c5 position-relative h-element\">\n                  <!---->\n                  <div class=\"h-heading__outer style-1160 style-local-1109-c5\">\n                    <!---->\n                    <!---->\n                    <h2 class=\"\">Other industries<\/h2>\n                  <\/div>\n                <\/div>\n                <div data-colibri-id=\"1109-c6\" class=\"h-text h-text-component style-1161 style-local-1109-c6 position-relative h-element\">\n                  <!---->\n                  <!---->\n                  <div class=\"\">\n                    <p>Macpherson Underwater Services works in all types of industries but specialising in the energy and petrochemical industries due to our extensive experience in these sectors.\n                      <br>We also have other tools that make it possible for us to carry out many jobs that other companies cannot.<\/p>\n                  <\/div>\n                <\/div>\n              <\/div>\n            <\/div>\n          <\/div>\n          <div class=\"h-column h-column-container d-flex h-col-lg-auto h-col-md-auto h-col-auto style-1162-outer style-local-1109-c7-outer\">\n            <div data-colibri-id=\"1109-c7\" class=\"d-flex h-flex-basis h-column__inner h-ui-empty-state-container h-px-lg-2 h-px-md-2 h-px-2 v-inner-lg-2 v-inner-md-2 v-inner-2 style-1162 style-local-1109-c7 position-relative\">\n              <!---->\n              <!---->\n              <div class=\"w-100 h-y-container h-column__content h-column__v-align flex-basis-100\">\n                <!---->\n              <\/div>\n            <\/div>\n          <\/div>\n        <\/div>\n      <\/div>\n      <div data-colibri-id=\"1109-c8\" class=\"h-row-container gutters-row-lg-3 gutters-row-md-3 gutters-row-0 gutters-row-v-lg-3 gutters-row-v-md-3 gutters-row-v-3 style-1166 style-local-1109-c8 position-relative\">\n        <!---->\n        <div class=\"h-row justify-content-lg-center justify-content-md-center justify-content-center align-items-lg-stretch align-items-md-stretch align-items-stretch gutters-col-lg-3 gutters-col-md-3 gutters-col-0 gutters-col-v-lg-3 gutters-col-v-md-3 gutters-col-v-3\">\n          <!---->\n          <div class=\"h-column h-column-container d-flex h-col-lg-auto h-col-md-auto h-col-auto style-1167-outer style-local-1109-c9-outer\">\n            <div data-colibri-id=\"1109-c9\" class=\"d-flex h-flex-basis h-column__inner h-px-lg-2 h-px-md-2 h-px-2 v-inner-lg-2 v-inner-md-2 v-inner-2 style-1167 style-local-1109-c9 position-relative\">\n              <!---->\n              <!---->\n              <div class=\"w-100 h-y-container h-column__content h-column__v-align flex-basis-100 align-self-lg-start align-self-md-start align-self-start\">\n                <!---->\n                <div data-colibri-id=\"1109-c10\" class=\"h-global-transition-all h-heading style-1168 style-local-1109-c10 position-relative h-element\">\n                  <!---->\n                  <div class=\"h-heading__outer style-1168 style-local-1109-c10\">\n                    <!---->\n                    <!---->\n                    <h4 class=\"\">Energy industry<\/h4>\n                  <\/div>\n                <\/div>\n                <div data-colibri-id=\"1109-c11\" class=\"h-text h-text-component style-1169 style-local-1109-c11 position-relative h-element\">\n                  <!---->\n                  <!---->\n                  <div class=\"\">\n                    <p>Macpherson Underwater Services complies with the quality standards that are required in the energy industry in order to ensure that the facilities are secure and to prevent any type of risk during operations.<\/p>\n                  <\/div>\n                <\/div>\n                <div data-colibri-id=\"1109-c12\" class=\"h-global-transition-all h-heading style-1170 style-local-1109-c12 position-relative h-element\">\n                  <!---->\n                  <div class=\"h-heading__outer style-1170 style-local-1109-c12\">\n                    <!---->\n                    <!---->\n                    <h4 class=\"\">Petrochemical industry&nbsp;<\/h4>\n                  <\/div>\n                <\/div>\n                <div data-colibri-id=\"1109-c13\" class=\"h-text h-text-component style-1171 style-local-1109-c13 position-relative h-element\">\n                  <!---->\n                  <!---->\n                  <div class=\"\">\n                    <p>We carry out inspections, repairs and maintenance services of facilities in the petrochemical industry: in water harvesting systems; in pipelines; and in reservoirs. We have assisted as superintendents for major international companies in pipeline inspection campaigns.<\/p>\n                  <\/div>\n                <\/div>\n                <div data-colibri-id=\"1109-c14\" class=\"h-global-transition-all h-heading style-1172 style-local-1109-c14 position-relative h-element\">\n                  <!---->\n                  <div class=\"h-heading__outer style-1172 style-local-1109-c14\">\n                    <!---->\n                    <!---->\n                    <h4 class=\"\">MACPHERSON CRAB (Pipeline autonomous survey system)<\/h4>\n                  <\/div>\n                <\/div>\n                <div data-colibri-id=\"1109-c15\" class=\"h-text h-text-component style-1173 style-local-1109-c15 position-relative h-element\">\n                  <!---->\n                  <!---->\n                  <div class=\"\">\n                    <p>Macpherson has designed and patented a system for inspections of pipelines, especially aimed at the petrochemical and the energy industries to allow continuous inspections without interference from climate conditions and maintaining productivity at all times.<\/p>\n                  <\/div>\n                <\/div>\n                <div data-colibri-id=\"1109-c16\" class=\"h-global-transition-all h-heading style-1178 style-local-1109-c16 position-relative h-element\">\n                  <!---->\n                  <div class=\"h-heading__outer style-1178 style-local-1109-c16\">\n                    <!---->\n                    <!---->\n                    <h4 class=\"\">3D Design<\/h4>\n                  <\/div>\n                <\/div>\n                <div data-colibri-id=\"1109-c17\" class=\"h-text h-text-component style-1179 style-local-1109-c17 position-relative h-element\">\n                  <!---->\n                  <!---->\n                  <div class=\"\">\n                    <p>During the execution of reports, we apply graphic information and 3D design that ease the understanding of the operations to be carried out, especially in those cases where it is not possible to take pictures.<\/p>\n                  <\/div>\n                <\/div>\n              <\/div>\n            <\/div>\n          <\/div>\n        <\/div>\n      <\/div>\n    <\/div>\n  <\/div>\n  <div data-colibri-component=\"section\" data-colibri-id=\"1109-c18\" id=\"custom\" class=\"h-section h-section-global-spacing d-flex align-items-lg-center align-items-md-center align-items-center style-1312 style-local-1109-c18 position-relative\">\n    <!---->\n    <!---->\n    <div class=\"h-section-grid-container h-section-boxed-container\">\n      <!---->\n      <div data-colibri-id=\"1109-c19\" class=\"h-row-container gutters-row-lg-2 gutters-row-md-2 gutters-row-0 gutters-row-v-lg-2 gutters-row-v-md-2 gutters-row-v-2 style-1313 style-local-1109-c19 position-relative\">\n        <!---->\n        <div class=\"h-row justify-content-lg-center justify-content-md-center justify-content-center align-items-lg-stretch align-items-md-stretch align-items-stretch gutters-col-lg-2 gutters-col-md-2 gutters-col-0 gutters-col-v-lg-2 gutters-col-v-md-2 gutters-col-v-2\">\n          <!---->\n          <div class=\"h-column h-column-container d-flex h-col-lg-auto h-col-md-auto h-col-auto style-1314-outer style-local-1109-c20-outer\">\n            <div data-colibri-id=\"1109-c20\" class=\"d-flex h-flex-basis h-column__inner h-px-lg-2 h-px-md-2 h-px-2 v-inner-lg-2 v-inner-md-2 v-inner-2 style-1314 style-local-1109-c20 position-relative\">\n              <!---->\n              <!---->\n              <div class=\"w-100 h-y-container h-column__content h-column__v-align flex-basis-100 align-self-lg-start align-self-md-start align-self-start\">\n                <!---->\n                <div data-colibri-component=\"content-swap\" data-colibri-id=\"1109-c21\" class=\"content-swap style-1316 style-local-1109-c21 position-relative h-element\">\n                  <!---->\n                  <div class=\"d-flex position-relative border-radius-inherit h-content-swap__overflow\">\n                    <div data-normal=\"\" data-colibri-id=\"1109-c22\" class=\"h-content-swap__normal d-flex border-radius-inherit h-ui-empty-state-container hide-animation style-1317 style-local-1109-c22 position-relative\">\n                      <!---->\n                      <div class=\"w-100 h-y-container\">\n                        <!---->\n                      <\/div>\n                    <\/div>\n                    <div data-hover=\"\" data-colibri-component=\"link\" data-href=\"https:\/\/macpherson.es\/web\/astilleros\/\" data-colibri-id=\"1109-c23\" class=\"h-content-swap-hover-container animated h-content-swap__hover d-flex border-radius-inherit fadeIn h-ui-empty-state-container justify-content-lg-center justify-content-md-center justify-content-center h-content-swap-hover-container--with-link style-1320 style-local-1109-c23 position-relative\"\n                      style=\"display: none;\">\n                      <!---->\n                      <div class=\"w-100 h-y-container\">\n                        <!---->\n                      <\/div>\n                    <\/div>\n                  <\/div>\n                <\/div>\n                <div data-colibri-id=\"1109-c24\" class=\"h-global-transition-all h-heading style-1330 style-local-1109-c24 position-relative h-element\">\n                  <!---->\n                  <div class=\"h-heading__outer style-1330 style-local-1109-c24\">\n                    <!---->\n                    <!---->\n                    <a href=\"https:\/\/macpherson.es\/web\/en\/astilleros\/\" h-use-smooth-scroll=\"true\">\n                      <h3 class=\"\">Shipyards<\/h3>\n                    <\/a>\n                  <\/div>\n                <\/div>\n                <div data-colibri-id=\"1109-c25\" class=\"h-divider style-1332 style-local-1109-c25 position-relative h-element\">\n                  <!----><span class=\"h-divider__line style-1332-line style-local-1109-c25-line style-1332-line style-local-1109-c25-line\"><\/span><\/div>\n              <\/div>\n            <\/div>\n          <\/div>\n          <div class=\"h-column h-column-container d-flex h-col-lg-auto h-col-md-auto h-col-auto style-1315-outer style-local-1109-c26-outer\">\n            <div data-colibri-id=\"1109-c26\" class=\"d-flex h-flex-basis h-column__inner h-px-lg-2 h-px-md-2 h-px-2 v-inner-lg-2 v-inner-md-2 v-inner-2 style-1315 style-local-1109-c26 position-relative\">\n              <!---->\n              <!---->\n              <div class=\"w-100 h-y-container h-column__content h-column__v-align flex-basis-100 align-self-lg-start align-self-md-start align-self-start\">\n                <!---->\n                <div data-colibri-component=\"content-swap\" data-colibri-id=\"1109-c27\" class=\"content-swap style-1323 style-local-1109-c27 position-relative h-element\">\n                  <!---->\n                  <div class=\"d-flex position-relative border-radius-inherit h-content-swap__overflow\">\n                    <div data-normal=\"\" data-colibri-id=\"1109-c28\" class=\"h-content-swap__normal d-flex border-radius-inherit h-ui-empty-state-container hide-animation style-1324 style-local-1109-c28 position-relative\">\n                      <!---->\n                      <div class=\"w-100 h-y-container\">\n                        <!---->\n                      <\/div>\n                    <\/div>\n                    <div data-hover=\"\" data-colibri-component=\"link\" data-href=\"https:\/\/macpherson.es\/web\/servicios-de-r-o-v\/\" data-colibri-id=\"1109-c29\" class=\"h-content-swap-hover-container animated h-content-swap__hover d-flex border-radius-inherit fadeIn h-ui-empty-state-container justify-content-lg-center justify-content-md-center justify-content-center h-content-swap-hover-container--with-link style-1327 style-local-1109-c29 position-relative\"\n                      style=\"display: none;\">\n                      <!---->\n                      <div class=\"w-100 h-y-container\">\n                        <!---->\n                      <\/div>\n                    <\/div>\n                  <\/div>\n                <\/div>\n                <div data-colibri-id=\"1109-c30\" class=\"h-global-transition-all h-heading style-1334 style-local-1109-c30 position-relative h-element\">\n                  <!---->\n                  <div class=\"h-heading__outer style-1334 style-local-1109-c30\">\n                    <!---->\n                    <!---->\n                    <a href=\"https:\/\/macpherson.es\/web\/en\/servicios-de-r-o-v\/\" h-use-smooth-scroll=\"true\">\n                      <h3 class=\"\">R.O.V. Inspection services<\/h3>\n                    <\/a>\n                  <\/div>\n                <\/div>\n                <div data-colibri-id=\"1109-c31\" class=\"h-divider style-1336 style-local-1109-c31 position-relative h-element\">\n                  <!----><span class=\"h-divider__line style-1336-line style-local-1109-c31-line style-1336-line style-local-1109-c31-line\"><\/span><\/div>\n              <\/div>\n            <\/div>\n          <\/div>\n        <\/div>\n      <\/div>\n    <\/div>\n  <\/div>\n<\/div>","protected":false},"excerpt":{"rendered":"<p>Otras industrias Macpherson Servicios Subacu\u00e1ticos trabaja en todo tipo de industrias, entre las que se encuentra la industria energ\u00e9tica y la petroqu\u00edmica. Adem\u00e1s contamos con otras herramientas que hacen posible que podamos realizar muchos trabajos que otras empresas no pueden. Industria energ\u00e9tica Macpherson Servicios Subacu\u00e1ticos cumple con los est\u00e1ndares de calidad que en la industria [&hellip;]<\/p>","protected":false},"author":1,"featured_media":0,"parent":0,"menu_order":0,"comment_status":"closed","ping_status":"closed","template":"page-templates\/full-width-page.php","meta":{"footnotes":""},"class_list":["post-1109","page","type-page","status-publish","hentry"],"_links":{"self":[{"href":"https:\/\/macpherson.es\/web\/en\/wp-json\/wp\/v2\/pages\/1109","targetHints":{"allow":["GET"]}}],"collection":[{"href":"https:\/\/macpherson.es\/web\/en\/wp-json\/wp\/v2\/pages"}],"about":[{"href":"https:\/\/macpherson.es\/web\/en\/wp-json\/wp\/v2\/types\/page"}],"author":[{"embeddable":true,"href":"https:\/\/macpherson.es\/web\/en\/wp-json\/wp\/v2\/users\/1"}],"replies":[{"embeddable":true,"href":"https:\/\/macpherson.es\/web\/en\/wp-json\/wp\/v2\/comments?post=1109"}],"version-history":[{"count":13,"href":"https:\/\/macpherson.es\/web\/en\/wp-json\/wp\/v2\/pages\/1109\/revisions"}],"predecessor-version":[{"id":2475,"href":"https:\/\/macpherson.es\/web\/en\/wp-json\/wp\/v2\/pages\/1109\/revisions\/2475"}],"wp:attachment":[{"href":"https:\/\/macpherson.es\/web\/en\/wp-json\/wp\/v2\/media?parent=1109"}],"curies":[{"name":"wp","href":"https:\/\/api.w.org\/{rel}","templated":true}]}}