{"id":2236,"date":"2022-10-07T11:40:10","date_gmt":"2022-10-07T10:40:10","guid":{"rendered":"https:\/\/macpherson.es\/web\/?page_id=2236"},"modified":"2023-02-23T17:21:56","modified_gmt":"2023-02-23T16:21:56","slug":"politica-de-privacidad","status":"publish","type":"page","link":"https:\/\/macpherson.es\/web\/en\/politica-de-privacidad\/","title":{"rendered":"Privacy policy"},"content":{"rendered":"<div data-colibri-id=\"2236-c1\" class=\"style-1531 style-local-2236-c1 position-relative\">\r\n  <!---->\r\n  <div data-colibri-component=\"section\" data-colibri-id=\"2236-c2\" id=\"custom\" class=\"h-section h-section-global-spacing d-flex align-items-lg-center align-items-md-center align-items-center style-1532 style-local-2236-c2 position-relative\">\r\n    <!---->\r\n    <!---->\r\n    <div class=\"h-section-grid-container h-section-boxed-container\">\r\n      <!---->\r\n      <div data-colibri-id=\"2236-c3\" class=\"h-row-container gutters-row-lg-2 gutters-row-md-2 gutters-row-0 gutters-row-v-lg-2 gutters-row-v-md-2 gutters-row-v-2 style-1533 style-local-2236-c3 position-relative\">\r\n        <!---->\r\n        <div class=\"h-row justify-content-lg-center justify-content-md-center justify-content-center align-items-lg-stretch align-items-md-stretch align-items-stretch gutters-col-lg-2 gutters-col-md-2 gutters-col-0 gutters-col-v-lg-2 gutters-col-v-md-2 gutters-col-v-2\">\r\n          <!---->\r\n          <div class=\"h-column h-column-container d-flex h-col-lg-auto h-col-md-auto h-col-auto style-1534-outer style-local-2236-c4-outer\">\r\n            <div data-colibri-id=\"2236-c4\" class=\"d-flex h-flex-basis h-column__inner h-px-lg-2 h-px-md-2 h-px-2 v-inner-lg-2 v-inner-md-2 v-inner-2 style-1534 style-local-2236-c4 position-relative\">\r\n              <!---->\r\n              <!---->\r\n              <div class=\"w-100 h-y-container h-column__content h-column__v-align flex-basis-100 align-self-lg-start align-self-md-start align-self-start\">\r\n                <!---->\r\n                <div data-colibri-id=\"2236-c5\" class=\"h-global-transition-all h-heading style-1535 style-local-2236-c5 position-relative h-element\">\r\n                  <!---->\r\n                  <div class=\"h-heading__outer style-1535 style-local-2236-c5\">\r\n                    <!---->\r\n                    <!---->\r\n                    <h2 class=\"\">Privacy policy<\/h2>\r\n                  <\/div>\r\n                <\/div>\r\n                <div data-colibri-id=\"2236-c24\" class=\"h-divider style-1556 style-local-2236-c24 position-relative h-element\">\r\n                  <!----><span class=\"h-divider__line style-1556-line style-local-2236-c24-line style-1556-line style-local-2236-c24-line\"><\/span><\/div>\r\n              <\/div>\r\n            <\/div>\r\n          <\/div>\r\n        <\/div>\r\n      <\/div>\r\n      <div data-colibri-id=\"2236-c6\" class=\"h-row-container gutters-row-lg-2 gutters-row-md-2 gutters-row-0 gutters-row-v-lg-2 gutters-row-v-md-2 gutters-row-v-2 style-1537 style-local-2236-c6 position-relative\">\r\n        <!---->\r\n        <div class=\"h-row justify-content-lg-center justify-content-md-center justify-content-center align-items-lg-stretch align-items-md-stretch align-items-stretch gutters-col-lg-2 gutters-col-md-2 gutters-col-0 gutters-col-v-lg-2 gutters-col-v-md-2 gutters-col-v-2\">\r\n          <!---->\r\n          <div class=\"h-column h-column-container d-flex h-col-lg-auto h-col-md-auto h-col-auto style-1538-outer style-local-2236-c7-outer\">\r\n            <div data-colibri-id=\"2236-c7\" class=\"d-flex h-flex-basis h-column__inner h-px-lg-2 h-px-md-2 h-px-2 v-inner-lg-2 v-inner-md-2 v-inner-2 style-1538 style-local-2236-c7 position-relative\">\r\n              <!---->\r\n              <!---->\r\n              <div class=\"w-100 h-y-container h-column__content h-column__v-align flex-basis-100 align-self-lg-start align-self-md-start align-self-start\">\r\n                <!---->\r\n                <div data-colibri-id=\"2236-c8\" class=\"h-global-transition-all h-heading style-1539 style-local-2236-c8 position-relative h-element\">\r\n                  <!---->\r\n                  <div class=\"h-heading__outer style-1539 style-local-2236-c8\">\r\n                    <!---->\r\n                    <!---->\r\n                    <h4 class=\"\">Datos del responsable del tratamiento<\/h4>\r\n                  <\/div>\r\n                <\/div>\r\n                <div data-colibri-id=\"2236-c9\" class=\"h-text h-text-component style-1540 style-local-2236-c9 position-relative h-element\">\r\n                  <!---->\r\n                  <!---->\r\n                  <div class=\"\">\r\n                    <p>Denominaci\u00f3n social: Hermanos Macpherson Snyder SL, en adelante, &#8216;La empresa&#8217;.\r\n                      <br>Nombre comercial: Macpherson Servicios Subacu\u00e1ticos\r\n                      <br>Domicilio social: Calle Pajar 40, El Puerto de Santa Mar\u00eda, C\u00e1diz, Espa\u00f1a.\r\n                      <br>CIF: B11579513\r\n                      <br>Tel\u00e9fono: +34 956 540 539\r\n                      <br>Email: administracion@macpherson.es<\/p>\r\n                  <\/div>\r\n                <\/div>\r\n                <div data-colibri-id=\"2236-c22\" class=\"h-global-transition-all h-heading style-1553 style-local-2236-c22 position-relative h-element\">\r\n                  <!---->\r\n                  <div class=\"h-heading__outer style-1553 style-local-2236-c22\">\r\n                    <!---->\r\n                    <!---->\r\n                    <h4 class=\"\">Normativa aplicable<\/h4>\r\n                  <\/div>\r\n                <\/div>\r\n                <div data-colibri-id=\"2236-c23\" class=\"h-text h-text-component style-1554 style-local-2236-c23 position-relative h-element\">\r\n                  <!---->\r\n                  <!---->\r\n                  <div class=\"\">\r\n                    <p>Nuestra Pol\u00edtica de Privacidad se ha dise\u00f1ado de acuerdo con el Reglamento General de Protecci\u00f3n de Datos de la UE 2016\/679 del Parlamento Europeo y del Consejo, de 27 de abril de 2016, relativo a la protecci\u00f3n de las personas f\u00edsicas\r\n                      en lo que respecta al tratamiento de datos personales y a la libre circulaci\u00f3n de estos datos y por el que se deroga la Directiva 95\/46\/CE (Reglamento general de protecci\u00f3n de datos), y la Ley Org\u00e1nica 3\/2018 del 5 de diciembre,\r\n                      de Privacidad, prestando su consentimiento inequ\u00edvoco y expreso al tratamiento de sus datos personales de acuerdo a las finalidades y t\u00e9rminos aqu\u00ed expresados. La empresa podr\u00e1 modificar la presente Pol\u00edtica de Privacidad para adaptarla\r\n                      a las novedades legislativas, jurisprudenciales o de interpretaci\u00f3n de la Agencia Espa\u00f1ola de Protecci\u00f3n de Datos. Estas condiciones de privacidad podr\u00e1n ser complementadas por el Aviso Legal, Pol\u00edtica de Cookies y las Condiciones\r\n                      Generales que, en su caso, se recojan para determinados productos o servicios, si dicho acceso supone alguna especialidad en materia de protecci\u00f3n de datos de car\u00e1cter personal.<\/p>\r\n                  <\/div>\r\n                <\/div>\r\n                <div data-colibri-id=\"2236-c10\" class=\"h-global-transition-all h-heading style-1541 style-local-2236-c10 position-relative h-element\">\r\n                  <!---->\r\n                  <div class=\"h-heading__outer style-1541 style-local-2236-c10\">\r\n                    <!---->\r\n                    <!---->\r\n                    <h4 class=\"\">Finalidad del tratamiento de los datos personales<\/h4>\r\n                  <\/div>\r\n                <\/div>\r\n                <div data-colibri-id=\"2236-c11\" class=\"h-text h-text-component style-1542 style-local-2236-c11 position-relative h-element\">\r\n                  <!---->\r\n                  <!---->\r\n                  <div class=\"\">\r\n                    <p>Los datos de car\u00e1cter personal introducidos en los distintos formularios de la web, pasar\u00e1n a formar parte de un fichero automatizado cuyo responsable es Hermanos Macpherson Snyder SL con la finalidad de gestionar sus relaciones comerciales\r\n                      y contractuales con los usuarios y compradores, as\u00ed como el env\u00edo de promociones.<\/p>\r\n                    <p>Plazo de conservaci\u00f3n de sus datos\r\n                      <br>Conservaremos sus datos personales desde que nos d\u00e9 su consentimiento hasta que lo revoque o bien solicite la limitaci\u00f3n del tratamiento. En tales casos, mantendremos sus datos de manera bloqueada durante los plazos legalmente exigidos.<\/p>\r\n                  <\/div>\r\n                <\/div>\r\n                <div data-colibri-id=\"2236-c12\" class=\"h-global-transition-all h-heading style-1543 style-local-2236-c12 position-relative h-element\">\r\n                  <!---->\r\n                  <div class=\"h-heading__outer style-1543 style-local-2236-c12\">\r\n                    <!---->\r\n                    <!---->\r\n                    <h4 class=\"\">Legitimaci\u00f3n y datos recabados<\/h4>\r\n                  <\/div>\r\n                <\/div>\r\n                <div data-colibri-id=\"2236-c13\" class=\"h-text h-text-component style-1544 style-local-2236-c13 position-relative h-element\">\r\n                  <!---->\r\n                  <!---->\r\n                  <div class=\"\">\r\n                    <p>La legitimaci\u00f3n para el tratamiento de sus datos es el consentimiento expreso otorgado mediante un acto positivo y afirmativo (rellenar el formulario correspondiente y marcar la casilla de aceptaci\u00f3n de esta pol\u00edtica) en el momento\r\n                      de facilitarnos sus datos personales.<\/p>\r\n                    <p>Consentimiento para tratar sus datos\r\n                      <br>Al rellenar los formularios, marcar la casilla \u00abAcepto la pol\u00edtica de privacidad\u00bb y hacer clic para enviar los datos, o al remitir correos electr\u00f3nicos a Macpherson Servicios Subacu\u00e1ticos a trav\u00e9s de las cuentas habilitadas al efecto,\r\n                      el usuario manifiesta haber le\u00eddo y aceptado expresamente la presente pol\u00edtica de privacidad, y otorga su consentimiento inequ\u00edvoco y expreso al tratamiento de sus datos personales conforme a las finalidades indicadas.\r\n                      <br>\r\n                    <\/p>\r\n                  <\/div>\r\n                <\/div>\r\n                <div data-colibri-id=\"2236-c14\" class=\"h-global-transition-all h-heading style-1545 style-local-2236-c14 position-relative h-element\">\r\n                  <!---->\r\n                  <div class=\"h-heading__outer style-1545 style-local-2236-c14\">\r\n                    <!---->\r\n                    <!---->\r\n                    <h4 class=\"\">Medidas de seguridad<\/h4>\r\n                  <\/div>\r\n                <\/div>\r\n                <div data-colibri-id=\"2236-c15\" class=\"h-text h-text-component style-1546 style-local-2236-c15 position-relative h-element\">\r\n                  <!---->\r\n                  <!---->\r\n                  <div class=\"\">\r\n                    <p>Dentro de nuestro compromiso por garantizar la seguridad y confidencialidad de sus datos de car\u00e1cter personal, le informamos que se han adoptado las medidas de \u00edndole t\u00e9cnica y organizativas necesarias para garantizar la seguridad\r\n                      de los datos de car\u00e1cter personal y evitar su alteraci\u00f3n, p\u00e9rdida, tratamiento o acceso no autorizado, habida cuenta del estado de la tecnolog\u00eda, la naturaleza de los datos almacenados y los riesgos a que est\u00e9n expuestos, seg\u00fan el\r\n                      Art. 32 del RGPD EU 679\/2016.<\/p>\r\n                  <\/div>\r\n                <\/div>\r\n                <div data-colibri-id=\"2236-c16\" class=\"h-global-transition-all h-heading style-1547 style-local-2236-c16 position-relative h-element\">\r\n                  <!---->\r\n                  <div class=\"h-heading__outer style-1547 style-local-2236-c16\">\r\n                    <!---->\r\n                    <!---->\r\n                    <h4 class=\"\">Cesi\u00f3n de datos<\/h4>\r\n                  <\/div>\r\n                <\/div>\r\n                <div data-colibri-id=\"2236-c17\" class=\"h-text h-text-component style-1548 style-local-2236-c17 position-relative h-element\">\r\n                  <!---->\r\n                  <!---->\r\n                  <div class=\"\">\r\n                    <p>No se prev\u00e9n cesiones de datos ni transferencias internacionales de sus datos, a excepci\u00f3n de las autorizadas por la legislaci\u00f3n fiscal, mercantil y de telecomunicaciones as\u00ed como en aquellos casos en los que una autoridad judicial\r\n                      nos lo requiera.<\/p>\r\n                  <\/div>\r\n                <\/div>\r\n                <div data-colibri-id=\"2236-c18\" class=\"h-global-transition-all h-heading style-1549 style-local-2236-c18 position-relative h-element\">\r\n                  <!---->\r\n                  <div class=\"h-heading__outer style-1549 style-local-2236-c18\">\r\n                    <!---->\r\n                    <!---->\r\n                    <h4 class=\"\">Derechos del usuario<\/h4>\r\n                  <\/div>\r\n                <\/div>\r\n                <div data-colibri-id=\"2236-c19\" class=\"h-text h-text-component style-1550 style-local-2236-c19 position-relative h-element\">\r\n                  <!---->\r\n                  <!---->\r\n                  <div class=\"\">\r\n                    <p>Cualquier interesado tiene derecho a obtener confirmaci\u00f3n sobre si estamos tratando datos personales que le conciernan, o no. Las personas interesadas tienen derecho a acceder a sus datos personales, as\u00ed como a solicitar la rectificaci\u00f3n\r\n                      de los datos inexactos o, en su caso, solicitar su supresi\u00f3n cuando, entre otros motivos, los datos ya no sean necesarios para los fines que fueron recogidos. En determinadas circunstancias, los interesados podr\u00e1n solicitar la limitaci\u00f3n\r\n                      del tratamiento de sus datos, en cuyo caso \u00fanicamente los conservaremos para el ejercicio o la defensa de reclamaciones. Por motivos relacionados con su leg\u00edtimos imperiosos, o el ejercicio o la defensa de posibles reclamaciones.\r\n                      De acuerdo con la legislaci\u00f3n vigente tiene los siguientes derechos: derecho a solicitar el acceso a sus datos personales, derecho a solicitar su rectificaci\u00f3n o supresi\u00f3n, derecho a solicitar la limitaci\u00f3n de su tratamiento, derecho\r\n                      a oponerse al tratamiento, derecho a la portabilidad de los datos y as\u00ed mismo, a revocar el consentimiento otorgado. Asimismo, tiene derecho a presentar una reclamaci\u00f3n ante la Agencia Espa\u00f1ola de Protecci\u00f3n de Datos.<\/p>\r\n                    <p>\u00bfC\u00f3mo ejercitar mis derechos?\r\n                      <br>Para ejercer sus derechos, debe dirigirse al responsable, solicitando el correspondiente formulario para el ejercicio del derecho elegido. Opcionalmente, puede acudir a la Autoridad de Control competente para obtener informaci\u00f3n\r\n                      adicional acerca de sus derechos. Los datos de contacto para el ejercicio de sus derechos son el tel\u00e9fono +34 956 540 539 y el correo administracion@macpherson.es. Recuerde acompa\u00f1ar una copia de un documento que permita identificarle.<\/p>\r\n                  <\/div>\r\n                <\/div>\r\n                <div data-colibri-id=\"2236-c20\" class=\"h-global-transition-all h-heading style-1551 style-local-2236-c20 position-relative h-element\">\r\n                  <!---->\r\n                  <div class=\"h-heading__outer style-1551 style-local-2236-c20\">\r\n                    <!---->\r\n                    <!---->\r\n                    <h4 class=\"\">Consentimiento para env\u00edo de comunicaciones el\u00e9ctronicas<\/h4>\r\n                  <\/div>\r\n                <\/div>\r\n                <div data-colibri-id=\"2236-c21\" class=\"h-text h-text-component style-1552 style-local-2236-c21 position-relative h-element\">\r\n                  <!---->\r\n                  <!---->\r\n                  <div class=\"\">\r\n                    <p>As\u00ed mismo, y de acuerdo con lo establecido en la Ley 34\/2022, de 11 de julio, de Servicios de la Sociedad de la Informaci\u00f3n y del Comercio Electr\u00f3nico, complementando el formulario de recogida de datos y marcando la correspondiente\r\n                      casilla \u00abAcepto el env\u00edo de comunicaciones electr\u00f3nicas\u00bb, est\u00e1 otorgando el consentimiento expreso para enviarle a su direcci\u00f3n de correo electr\u00f3nico, tel\u00e9fono, fax u otro medio electr\u00f3nico en env\u00edo de informaci\u00f3n acerca de la empresa.<\/p>\r\n                  <\/div>\r\n                <\/div>\r\n              <\/div>\r\n            <\/div>\r\n          <\/div>\r\n        <\/div>\r\n      <\/div>\r\n    <\/div>\r\n  <\/div>\r\n<\/div>","protected":false},"excerpt":{"rendered":"<p>Pol\u00edtica de privacidad Datos del responsable del tratamiento Denominaci\u00f3n social: Hermanos Macpherson Snyder SL, en adelante, &#8216;La empresa&#8217;. Nombre comercial: Macpherson Servicios Subacu\u00e1ticos Domicilio social: Calle Pajar 40, El Puerto de Santa Mar\u00eda, C\u00e1diz, Espa\u00f1a. CIF: B11579513 Tel\u00e9fono: +34 956 540 539 Email: administracion@macpherson.es Normativa aplicable Nuestra Pol\u00edtica de Privacidad se ha dise\u00f1ado de acuerdo [&hellip;]<\/p>","protected":false},"author":1,"featured_media":0,"parent":0,"menu_order":0,"comment_status":"closed","ping_status":"closed","template":"page-templates\/full-width-page.php","meta":{"footnotes":""},"class_list":["post-2236","page","type-page","status-publish","hentry"],"_links":{"self":[{"href":"https:\/\/macpherson.es\/web\/en\/wp-json\/wp\/v2\/pages\/2236","targetHints":{"allow":["GET"]}}],"collection":[{"href":"https:\/\/macpherson.es\/web\/en\/wp-json\/wp\/v2\/pages"}],"about":[{"href":"https:\/\/macpherson.es\/web\/en\/wp-json\/wp\/v2\/types\/page"}],"author":[{"embeddable":true,"href":"https:\/\/macpherson.es\/web\/en\/wp-json\/wp\/v2\/users\/1"}],"replies":[{"embeddable":true,"href":"https:\/\/macpherson.es\/web\/en\/wp-json\/wp\/v2\/comments?post=2236"}],"version-history":[{"count":9,"href":"https:\/\/macpherson.es\/web\/en\/wp-json\/wp\/v2\/pages\/2236\/revisions"}],"predecessor-version":[{"id":2289,"href":"https:\/\/macpherson.es\/web\/en\/wp-json\/wp\/v2\/pages\/2236\/revisions\/2289"}],"wp:attachment":[{"href":"https:\/\/macpherson.es\/web\/en\/wp-json\/wp\/v2\/media?parent=2236"}],"curies":[{"name":"wp","href":"https:\/\/api.w.org\/{rel}","templated":true}]}}