{"id":1117,"date":"2022-09-30T07:43:02","date_gmt":"2022-09-30T06:43:02","guid":{"rendered":"https:\/\/macpherson.es\/web\/?page_id=1117"},"modified":"2022-10-24T11:52:11","modified_gmt":"2022-10-24T10:52:11","slug":"recursos","status":"publish","type":"page","link":"https:\/\/macpherson.es\/web\/recursos\/","title":{"rendered":"Recursos"},"content":{"rendered":"<div data-colibri-id=\"1117-c1\" class=\"style-1337 style-local-1117-c1 position-relative\">\n  <!---->\n  <div data-colibri-component=\"section\" data-colibri-id=\"1117-c2\" id=\"custom\" class=\"h-section h-section-global-spacing d-flex align-items-lg-center align-items-md-center align-items-center style-1343 style-local-1117-c2 position-relative\">\n    <!---->\n    <!---->\n    <div class=\"h-section-grid-container h-section-boxed-container\">\n      <!---->\n      <div data-colibri-id=\"1117-c3\" class=\"h-row-container gutters-row-lg-2 gutters-row-md-2 gutters-row-0 gutters-row-v-lg-2 gutters-row-v-md-2 gutters-row-v-2 style-1344 style-local-1117-c3 position-relative\">\n        <!---->\n        <div class=\"h-row justify-content-lg-center justify-content-md-center justify-content-center align-items-lg-stretch align-items-md-stretch align-items-stretch gutters-col-lg-2 gutters-col-md-2 gutters-col-0 gutters-col-v-lg-2 gutters-col-v-md-2 gutters-col-v-2\">\n          <!---->\n          <div class=\"h-column h-column-container d-flex h-col-lg-auto h-col-md-auto h-col-auto style-1345-outer style-local-1117-c4-outer\">\n            <div data-colibri-id=\"1117-c4\" class=\"d-flex h-flex-basis h-column__inner h-px-lg-2 h-px-md-2 h-px-2 v-inner-lg-2 v-inner-md-2 v-inner-2 style-1345 style-local-1117-c4 position-relative\">\n              <!---->\n              <!---->\n              <div class=\"w-100 h-y-container h-column__content h-column__v-align flex-basis-100 align-self-lg-start align-self-md-start align-self-start\">\n                <!---->\n                <div data-colibri-id=\"1117-c5\" class=\"h-global-transition-all h-heading style-1346 style-local-1117-c5 position-relative h-element\">\n                  <!---->\n                  <div class=\"h-heading__outer style-1346 style-local-1117-c5\">\n                    <!---->\n                    <!---->\n                    <h2 class=\"\">Nuestros recursos<\/h2>\n                  <\/div>\n                <\/div>\n                <div data-colibri-id=\"1117-c6\" class=\"h-divider style-1395 style-local-1117-c6 position-relative h-element\">\n                  <!----><span class=\"h-divider__line style-1395-line style-local-1117-c6-line style-1395-line style-local-1117-c6-line\"><\/span><\/div>\n              <\/div>\n            <\/div>\n          <\/div>\n        <\/div>\n      <\/div>\n    <\/div>\n  <\/div>\n  <div data-colibri-component=\"section\" data-colibri-id=\"1117-c7\" id=\"custom-2\" class=\"h-section h-section-global-spacing d-flex align-items-lg-center align-items-md-center align-items-center style-1347 style-local-1117-c7 position-relative\">\n    <!---->\n    <!---->\n    <div class=\"h-section-grid-container h-section-boxed-container\">\n      <!---->\n      <div data-colibri-id=\"1117-c8\" class=\"h-row-container gutters-row-lg-2 gutters-row-md-2 gutters-row-0 gutters-row-v-lg-2 gutters-row-v-md-2 gutters-row-v-2 style-1348 style-local-1117-c8 position-relative\">\n        <!---->\n        <div class=\"h-row justify-content-lg-center justify-content-md-center justify-content-center align-items-lg-stretch align-items-md-stretch align-items-stretch gutters-col-lg-2 gutters-col-md-2 gutters-col-0 gutters-col-v-lg-2 gutters-col-v-md-2 gutters-col-v-2\">\n          <!---->\n          <div class=\"h-column h-column-container d-flex h-col-lg-auto h-col-md-auto h-col-auto style-1349-outer style-local-1117-c9-outer\">\n            <div data-colibri-id=\"1117-c9\" class=\"d-flex h-flex-basis h-column__inner h-px-lg-2 h-px-md-2 h-px-2 v-inner-lg-2 v-inner-md-2 v-inner-2 style-1349 style-local-1117-c9 position-relative\">\n              <!---->\n              <!---->\n              <div class=\"w-100 h-y-container h-column__content h-column__v-align flex-basis-100 align-self-lg-start align-self-md-start align-self-start\">\n                <!---->\n                <div data-colibri-id=\"1117-c10\" class=\"d-block style-1352 style-local-1117-c10 position-relative h-element\">\n                  <!---->\n                  <div class=\"h-image__frame-container-outer\">\n                    <div class=\"h-image__frame-container\">\n                      <!---->\n                      <!---->\n                      <img fetchpriority=\"high\" decoding=\"async\" width=\"472\" height=\"329\" src=\"https:\/\/macpherson.es\/web\/wp-content\/uploads\/2022\/10\/56.png\" class=\"wp-image-1534 style-1352-image style-local-1117-c10-image\" alt=\"\" srcset=\"https:\/\/macpherson.es\/web\/wp-content\/uploads\/2022\/10\/56.png 472w, https:\/\/macpherson.es\/web\/wp-content\/uploads\/2022\/10\/56-300x209.png 300w, https:\/\/macpherson.es\/web\/wp-content\/uploads\/2022\/10\/56-18x12.png 18w\" sizes=\"(max-width: 472px) 100vw, 472px\" \/>\n                      <div class=\"h-image__frame h-hide-lg h-hide-md h-hide-sm style-1352-frameImage style-local-1117-c10-frameImage\"><\/div>\n                    <\/div>\n                  <\/div>\n                <\/div>\n                <div data-colibri-id=\"1117-c11\" class=\"h-global-transition-all h-heading style-1355 style-local-1117-c11 position-relative h-element\">\n                  <!---->\n                  <div class=\"h-heading__outer style-1355 style-local-1117-c11\">\n                    <!---->\n                    <!---->\n                    <h4 class=\"\">C\u00e1mara hiperb\u00e1rica&nbsp;<\/h4>\n                  <\/div>\n                <\/div>\n                <div data-colibri-id=\"1117-c12\" class=\"h-divider style-1357 style-local-1117-c12 position-relative h-element\">\n                  <!----><span class=\"h-divider__line style-1357-line style-local-1117-c12-line style-1357-line style-local-1117-c12-line\"><\/span><\/div>\n                <div data-colibri-id=\"1117-c13\" class=\"h-text h-text-component style-1358 style-local-1117-c13 position-relative h-element\">\n                  <!---->\n                  <!---->\n                  <div class=\"\">\n                    <p>Este elemento se utilizar\u00e1&nbsp; para realizar per\u00edodos de descomprensi\u00f3n en superficie.<span style=\"font-weight: 400; font-size: 16px; font-family: Raleway; color: rgb(255, 255, 255);\">&nbsp;Un elemento m\u00e1s para la calidad y la seguridad de nuestros buzos, facilitando la adaptaci\u00f3n a la normativa vigente.&nbsp;<\/span><\/p>\n                  <\/div>\n                <\/div>\n              <\/div>\n            <\/div>\n          <\/div>\n          <div class=\"h-column h-column-container d-flex h-col-lg-auto h-col-md-auto h-col-auto style-1350-outer style-local-1117-c14-outer\">\n            <div data-colibri-id=\"1117-c14\" class=\"d-flex h-flex-basis h-column__inner h-px-lg-2 h-px-md-2 h-px-2 v-inner-lg-2 v-inner-md-2 v-inner-2 style-1350 style-local-1117-c14 position-relative\">\n              <!---->\n              <!---->\n              <div class=\"w-100 h-y-container h-column__content h-column__v-align flex-basis-100 align-self-lg-start align-self-md-start align-self-start\">\n                <!---->\n                <div data-colibri-id=\"1117-c15\" class=\"d-block style-1353 style-local-1117-c15 position-relative h-element\">\n                  <!---->\n                  <div class=\"h-image__frame-container-outer\">\n                    <div class=\"h-image__frame-container\">\n                      <!---->\n                      <!---->\n                      <img decoding=\"async\" width=\"472\" height=\"329\" src=\"https:\/\/macpherson.es\/web\/wp-content\/uploads\/2022\/10\/65.png\" class=\"wp-image-1549 style-1353-image style-local-1117-c15-image\" alt=\"\" srcset=\"https:\/\/macpherson.es\/web\/wp-content\/uploads\/2022\/10\/65.png 472w, https:\/\/macpherson.es\/web\/wp-content\/uploads\/2022\/10\/65-300x209.png 300w, https:\/\/macpherson.es\/web\/wp-content\/uploads\/2022\/10\/65-18x12.png 18w\" sizes=\"(max-width: 472px) 100vw, 472px\" \/>\n                      <div class=\"h-image__frame h-hide-lg h-hide-md h-hide-sm style-1353-frameImage style-local-1117-c15-frameImage\"><\/div>\n                    <\/div>\n                  <\/div>\n                <\/div>\n                <div data-colibri-id=\"1117-c16\" class=\"h-global-transition-all h-heading style-1359 style-local-1117-c16 position-relative h-element\">\n                  <!---->\n                  <div class=\"h-heading__outer style-1359 style-local-1117-c16\">\n                    <!---->\n                    <!---->\n                    <h4 class=\"\">Embarcaci\u00f3n de apoyo<\/h4>\n                  <\/div>\n                <\/div>\n                <div data-colibri-id=\"1117-c17\" class=\"h-divider style-1361 style-local-1117-c17 position-relative h-element\">\n                  <!----><span class=\"h-divider__line style-1361-line style-local-1117-c17-line style-1361-line style-local-1117-c17-line\"><\/span><\/div>\n                <div data-colibri-id=\"1117-c18\" class=\"h-text h-text-component style-1362 style-local-1117-c18 position-relative h-element\">\n                  <!---->\n                  <!---->\n                  <div class=\"\">\n                    <p>Embarcaci\u00f3n de apoyo que permite realizar c\u00f3modamente operaciones de maniobras y b\u00fasqueda con R.O.V. para trabajos de localizaci\u00f3n y rescate, reparaciones, inspecciones de cableado y\/o emisarios.&nbsp;<\/p>\n                  <\/div>\n                <\/div>\n              <\/div>\n            <\/div>\n          <\/div>\n          <div class=\"h-column h-column-container d-flex h-col-lg-auto h-col-md-auto h-col-auto style-1351-outer style-local-1117-c19-outer\">\n            <div data-colibri-id=\"1117-c19\" class=\"d-flex h-flex-basis h-column__inner h-px-lg-2 h-px-md-2 h-px-2 v-inner-lg-2 v-inner-md-2 v-inner-2 style-1351 style-local-1117-c19 position-relative\">\n              <!---->\n              <!---->\n              <div class=\"w-100 h-y-container h-column__content h-column__v-align flex-basis-100 align-self-lg-start align-self-md-start align-self-start\">\n                <!---->\n                <div data-colibri-id=\"1117-c20\" class=\"d-block style-1354 style-local-1117-c20 position-relative h-element\">\n                  <!---->\n                  <div class=\"h-image__frame-container-outer\">\n                    <div class=\"h-image__frame-container\">\n                      <!---->\n                      <!---->\n                      <img decoding=\"async\" width=\"472\" height=\"329\" src=\"https:\/\/macpherson.es\/web\/wp-content\/uploads\/2022\/10\/54.png\" class=\"wp-image-1365 style-1354-image style-local-1117-c20-image\" alt=\"\" srcset=\"https:\/\/macpherson.es\/web\/wp-content\/uploads\/2022\/10\/54.png 472w, https:\/\/macpherson.es\/web\/wp-content\/uploads\/2022\/10\/54-300x209.png 300w, https:\/\/macpherson.es\/web\/wp-content\/uploads\/2022\/10\/54-18x12.png 18w\" sizes=\"(max-width: 472px) 100vw, 472px\" \/>\n                      <div class=\"h-image__frame h-hide-lg h-hide-md h-hide-sm style-1354-frameImage style-local-1117-c20-frameImage\"><\/div>\n                    <\/div>\n                  <\/div>\n                <\/div>\n                <div data-colibri-id=\"1117-c21\" class=\"h-global-transition-all h-heading style-1363 style-local-1117-c21 position-relative h-element\">\n                  <!---->\n                  <div class=\"h-heading__outer style-1363 style-local-1117-c21\">\n                    <!---->\n                    <!---->\n                    <h4 class=\"\">R.O.V.<\/h4>\n                  <\/div>\n                <\/div>\n                <div data-colibri-id=\"1117-c22\" class=\"h-divider style-1365 style-local-1117-c22 position-relative h-element\">\n                  <!----><span class=\"h-divider__line style-1365-line style-local-1117-c22-line style-1365-line style-local-1117-c22-line\"><\/span><\/div>\n                <div data-colibri-id=\"1117-c23\" class=\"h-text h-text-component style-1366 style-local-1117-c23 position-relative h-element\">\n                  <!---->\n                  <!---->\n                  <div class=\"\">\n                    <p>Los R.O.V. constituyen uno de los pilares fundamentales de todas nuestras operaciones. Contamos con distintos modelos&nbsp; con diferentes componentes enfocados a realizar tareas espec\u00edficas para cada situaci\u00f3n.<\/p>\n                  <\/div>\n                <\/div>\n              <\/div>\n            <\/div>\n          <\/div>\n        <\/div>\n      <\/div>\n    <\/div>\n  <\/div>\n  <div data-colibri-component=\"section\" data-colibri-id=\"1117-c24\" id=\"custom-3\" class=\"h-section h-section-global-spacing d-flex align-items-lg-center align-items-md-center align-items-center style-1367 style-local-1117-c24 position-relative\">\n    <!---->\n    <!---->\n    <div class=\"h-section-grid-container h-section-boxed-container\">\n      <!---->\n      <div data-colibri-id=\"1117-c25\" class=\"h-row-container gutters-row-lg-2 gutters-row-md-2 gutters-row-0 gutters-row-v-lg-2 gutters-row-v-md-2 gutters-row-v-2 style-1368 style-local-1117-c25 position-relative\">\n        <!---->\n        <div class=\"h-row justify-content-lg-center justify-content-md-center justify-content-center align-items-lg-stretch align-items-md-stretch align-items-stretch gutters-col-lg-2 gutters-col-md-2 gutters-col-0 gutters-col-v-lg-2 gutters-col-v-md-2 gutters-col-v-2\">\n          <!---->\n          <div class=\"h-column h-column-container d-flex h-col-lg-auto h-col-md-auto h-col-auto style-1370-outer style-local-1117-c26-outer\">\n            <div data-colibri-id=\"1117-c26\" class=\"d-flex h-flex-basis h-column__inner h-px-lg-2 h-px-md-2 h-px-2 v-inner-lg-2 v-inner-md-2 v-inner-2 style-1370 style-local-1117-c26 position-relative\">\n              <!---->\n              <!---->\n              <div class=\"w-100 h-y-container h-column__content h-column__v-align flex-basis-100 align-self-lg-start align-self-md-start align-self-start\">\n                <!---->\n                <div data-colibri-id=\"1117-c27\" class=\"d-block style-1373 style-local-1117-c27 position-relative h-element\">\n                  <!---->\n                  <div class=\"h-image__frame-container-outer\">\n                    <div class=\"h-image__frame-container\">\n                      <!---->\n                      <!---->\n                      <img loading=\"lazy\" decoding=\"async\" width=\"2560\" height=\"1707\" src=\"https:\/\/macpherson.es\/web\/wp-content\/uploads\/2022\/10\/REPSOL-TARRAGONA-2021-04-19-046-scaled.jpg\" class=\"wp-image-1545 style-1373-image style-local-1117-c27-image\" alt=\"\" srcset=\"https:\/\/macpherson.es\/web\/wp-content\/uploads\/2022\/10\/REPSOL-TARRAGONA-2021-04-19-046-scaled.jpg 2560w, https:\/\/macpherson.es\/web\/wp-content\/uploads\/2022\/10\/REPSOL-TARRAGONA-2021-04-19-046-300x200.jpg 300w, https:\/\/macpherson.es\/web\/wp-content\/uploads\/2022\/10\/REPSOL-TARRAGONA-2021-04-19-046-1024x683.jpg 1024w, https:\/\/macpherson.es\/web\/wp-content\/uploads\/2022\/10\/REPSOL-TARRAGONA-2021-04-19-046-768x512.jpg 768w, https:\/\/macpherson.es\/web\/wp-content\/uploads\/2022\/10\/REPSOL-TARRAGONA-2021-04-19-046-1536x1024.jpg 1536w, https:\/\/macpherson.es\/web\/wp-content\/uploads\/2022\/10\/REPSOL-TARRAGONA-2021-04-19-046-2048x1365.jpg 2048w, https:\/\/macpherson.es\/web\/wp-content\/uploads\/2022\/10\/REPSOL-TARRAGONA-2021-04-19-046-18x12.jpg 18w\" sizes=\"(max-width: 2560px) 100vw, 2560px\" \/>\n                      <div class=\"h-image__frame h-hide-lg h-hide-md h-hide-sm style-1373-frameImage style-local-1117-c27-frameImage\"><\/div>\n                    <\/div>\n                  <\/div>\n                <\/div>\n                <div data-colibri-id=\"1117-c28\" class=\"h-global-transition-all h-heading style-1379 style-local-1117-c28 position-relative h-element\">\n                  <!---->\n                  <div class=\"h-heading__outer style-1379 style-local-1117-c28\">\n                    <!---->\n                    <!---->\n                    <h4 class=\"\">Unidades de buceo<\/h4>\n                  <\/div>\n                <\/div>\n                <div data-colibri-id=\"1117-c29\" class=\"h-divider style-1381 style-local-1117-c29 position-relative h-element\">\n                  <!----><span class=\"h-divider__line style-1381-line style-local-1117-c29-line style-1381-line style-local-1117-c29-line\"><\/span><\/div>\n                <div data-colibri-id=\"1117-c30\" class=\"h-text h-text-component style-1382 style-local-1117-c30 position-relative h-element\">\n                  <!---->\n                  <!---->\n                  <div class=\"\">\n                    <p>Estaci\u00f3n de buceo para gestionar&nbsp; el suministro de aire, comunicaciones y v\u00eddeo para nuestro buzos.\n                      <br>Estas unidades facilitan la comunicaci\u00f3n y la organizaci\u00f3n de nuestro equipo.<\/p>\n                  <\/div>\n                <\/div>\n              <\/div>\n            <\/div>\n          <\/div>\n          <div class=\"h-column h-column-container d-flex h-col-lg-auto h-col-md-auto h-col-auto style-1371-outer style-local-1117-c31-outer\">\n            <div data-colibri-id=\"1117-c31\" class=\"d-flex h-flex-basis h-column__inner h-px-lg-2 h-px-md-2 h-px-2 v-inner-lg-2 v-inner-md-2 v-inner-2 style-1371 style-local-1117-c31 position-relative\">\n              <!---->\n              <!---->\n              <div class=\"w-100 h-y-container h-column__content h-column__v-align flex-basis-100 align-self-lg-start align-self-md-start align-self-start\">\n                <!---->\n                <div data-colibri-id=\"1117-c32\" class=\"d-block style-1374 style-local-1117-c32 position-relative h-element\">\n                  <!---->\n                  <div class=\"h-image__frame-container-outer\">\n                    <div class=\"h-image__frame-container\">\n                      <!---->\n                      <!---->\n                      <img loading=\"lazy\" decoding=\"async\" width=\"6000\" height=\"4000\" src=\"https:\/\/macpherson.es\/web\/wp-content\/uploads\/2022\/10\/equipo.png\" class=\"wp-image-1548 style-1374-image style-local-1117-c32-image\" alt=\"\" srcset=\"https:\/\/macpherson.es\/web\/wp-content\/uploads\/2022\/10\/equipo.png 6000w, https:\/\/macpherson.es\/web\/wp-content\/uploads\/2022\/10\/equipo-300x200.png 300w, https:\/\/macpherson.es\/web\/wp-content\/uploads\/2022\/10\/equipo-1024x683.png 1024w, https:\/\/macpherson.es\/web\/wp-content\/uploads\/2022\/10\/equipo-768x512.png 768w, https:\/\/macpherson.es\/web\/wp-content\/uploads\/2022\/10\/equipo-1536x1024.png 1536w, https:\/\/macpherson.es\/web\/wp-content\/uploads\/2022\/10\/equipo-2048x1365.png 2048w, https:\/\/macpherson.es\/web\/wp-content\/uploads\/2022\/10\/equipo-18x12.png 18w\" sizes=\"(max-width: 6000px) 100vw, 6000px\" \/>\n                      <div class=\"h-image__frame h-hide-lg h-hide-md h-hide-sm style-1374-frameImage style-local-1117-c32-frameImage\"><\/div>\n                    <\/div>\n                  <\/div>\n                <\/div>\n                <div data-colibri-id=\"1117-c33\" class=\"h-global-transition-all h-heading style-1383 style-local-1117-c33 position-relative h-element\">\n                  <!---->\n                  <div class=\"h-heading__outer style-1383 style-local-1117-c33\">\n                    <!---->\n                    <!---->\n                    <h4 class=\"\">Recursos humanos<\/h4>\n                  <\/div>\n                <\/div>\n                <div data-colibri-id=\"1117-c34\" class=\"h-divider style-1385 style-local-1117-c34 position-relative h-element\">\n                  <!----><span class=\"h-divider__line style-1385-line style-local-1117-c34-line style-1385-line style-local-1117-c34-line\"><\/span><\/div>\n                <div data-colibri-id=\"1117-c35\" class=\"h-text h-text-component style-1386 style-local-1117-c35 position-relative h-element\">\n                  <!---->\n                  <!---->\n                  <div class=\"\">\n                    <p>Nuestra empresa cuenta con un gran elenco de profesionales. Un equipo formado por buzos profesionales, t\u00e9cnicos, mec\u00e1nicos, patrones y operarios de mantenimiento as\u00ed como personal administrativo.&nbsp;<\/p>\n                  <\/div>\n                <\/div>\n              <\/div>\n            <\/div>\n          <\/div>\n        <\/div>\n      <\/div>\n    <\/div>\n  <\/div>\n<\/div>","protected":false},"excerpt":{"rendered":"<p>Nuestros recursos C\u00e1mara hiperb\u00e1rica&nbsp; Este elemento se utilizar\u00e1&nbsp; para realizar per\u00edodos de descomprensi\u00f3n en superficie.&nbsp;Un elemento m\u00e1s para la calidad y la seguridad de nuestros buzos, facilitando la adaptaci\u00f3n a la normativa vigente.&nbsp; Embarcaci\u00f3n de apoyo Embarcaci\u00f3n de apoyo que permite realizar c\u00f3modamente operaciones de maniobras y b\u00fasqueda con R.O.V. para trabajos de localizaci\u00f3n y [&hellip;]<\/p>\n","protected":false},"author":1,"featured_media":0,"parent":0,"menu_order":0,"comment_status":"closed","ping_status":"closed","template":"page-templates\/full-width-page.php","meta":{"footnotes":""},"class_list":["post-1117","page","type-page","status-publish","hentry"],"_links":{"self":[{"href":"https:\/\/macpherson.es\/web\/wp-json\/wp\/v2\/pages\/1117","targetHints":{"allow":["GET"]}}],"collection":[{"href":"https:\/\/macpherson.es\/web\/wp-json\/wp\/v2\/pages"}],"about":[{"href":"https:\/\/macpherson.es\/web\/wp-json\/wp\/v2\/types\/page"}],"author":[{"embeddable":true,"href":"https:\/\/macpherson.es\/web\/wp-json\/wp\/v2\/users\/1"}],"replies":[{"embeddable":true,"href":"https:\/\/macpherson.es\/web\/wp-json\/wp\/v2\/comments?post=1117"}],"version-history":[{"count":16,"href":"https:\/\/macpherson.es\/web\/wp-json\/wp\/v2\/pages\/1117\/revisions"}],"predecessor-version":[{"id":2489,"href":"https:\/\/macpherson.es\/web\/wp-json\/wp\/v2\/pages\/1117\/revisions\/2489"}],"wp:attachment":[{"href":"https:\/\/macpherson.es\/web\/wp-json\/wp\/v2\/media?parent=1117"}],"curies":[{"name":"wp","href":"https:\/\/api.w.org\/{rel}","templated":true}]}}