{"id":127,"date":"2022-09-19T13:47:26","date_gmt":"2022-09-19T13:47:26","guid":{"rendered":"https:\/\/macpherson.es\/web\/?page_id=127"},"modified":"2024-02-29T15:01:46","modified_gmt":"2024-02-29T14:01:46","slug":"nosotros","status":"publish","type":"page","link":"https:\/\/macpherson.es\/web\/nosotros\/","title":{"rendered":"Nosotros"},"content":{"rendered":"<div data-colibri-id=\"127-c1\" class=\"style-380 style-local-127-c1 position-relative\">\n  <!---->\n  <div data-colibri-component=\"section\" data-colibri-id=\"127-c2\" id=\"about\" class=\"h-section h-section-global-spacing d-flex align-items-lg-center align-items-md-center align-items-center style-389 style-local-127-c2 position-relative\">\n    <!---->\n    <!---->\n    <div class=\"h-section-grid-container h-section-boxed-container\">\n      <!---->\n      <div data-colibri-id=\"127-c3\" class=\"h-row-container gutters-row-lg-2 gutters-row-md-2 gutters-row-0 gutters-row-v-lg-2 gutters-row-v-md-2 gutters-row-v-2 style-414 style-local-127-c3 position-relative\">\n        <!---->\n        <div class=\"h-row justify-content-lg-center justify-content-md-center justify-content-center align-items-lg-stretch align-items-md-stretch align-items-stretch gutters-col-lg-2 gutters-col-md-2 gutters-col-0 gutters-col-v-lg-2 gutters-col-v-md-2 gutters-col-v-2\">\n          <!---->\n          <div class=\"h-column h-column-container d-flex h-col-lg-auto h-col-md-auto h-col-auto style-415-outer style-local-127-c4-outer\">\n            <div data-colibri-id=\"127-c4\" class=\"d-flex h-flex-basis h-column__inner h-px-lg-2 h-px-md-2 h-px-2 v-inner-lg-2 v-inner-md-2 v-inner-2 style-415 style-local-127-c4 position-relative\">\n              <!---->\n              <!---->\n              <div class=\"w-100 h-y-container h-column__content h-column__v-align flex-basis-100 align-self-lg-start align-self-md-start align-self-start\">\n                <!---->\n                <div data-colibri-id=\"127-c5\" class=\"h-global-transition-all h-heading style-1387 style-local-127-c5 position-relative h-element\">\n                  <!---->\n                  <div class=\"h-heading__outer style-1387 style-local-127-c5\">\n                    <!---->\n                    <!---->\n                    <h2 class=\"\">Sobre nosotros<\/h2>\n                  <\/div>\n                <\/div>\n                <div data-colibri-id=\"127-c6\" class=\"h-divider style-1389 style-local-127-c6 position-relative h-element\">\n                  <!----><span class=\"h-divider__line style-1389-line style-local-127-c6-line style-1389-line style-local-127-c6-line\"><\/span><\/div>\n              <\/div>\n            <\/div>\n          <\/div>\n        <\/div>\n      <\/div>\n      <div data-colibri-id=\"127-c7\" class=\"h-row-container gutters-row-lg-2 gutters-row-md-2 gutters-row-2 gutters-row-v-lg-2 gutters-row-v-md-2 gutters-row-v-2 style-390 style-local-127-c7 position-relative\">\n        <!---->\n        <div class=\"h-row justify-content-lg-center justify-content-md-center justify-content-center align-items-lg-stretch align-items-md-stretch align-items-stretch gutters-col-lg-2 gutters-col-md-2 gutters-col-2 gutters-col-v-lg-2 gutters-col-v-md-2 gutters-col-v-2\">\n          <!---->\n          <div class=\"h-column h-column-container d-flex h-col-lg-auto h-col-md-auto h-col-auto style-391-outer style-local-127-c8-outer\">\n            <div data-colibri-id=\"127-c8\" class=\"d-flex h-flex-basis h-column__inner h-px-lg-2 h-px-md-2 h-px-2 v-inner-lg-2 v-inner-md-2 v-inner-2 style-391 style-local-127-c8 position-relative\">\n              <!---->\n              <!---->\n              <div class=\"w-100 h-y-container h-column__content h-column__v-align flex-basis-100 align-self-lg-center align-self-md-center align-self-center\">\n                <!---->\n                <div data-colibri-id=\"127-c9\" class=\"h-global-transition-all h-heading style-521 style-local-127-c9 position-relative h-element\">\n                  <!---->\n                  <div class=\"h-heading__outer style-521 style-local-127-c9\">\n                    <!---->\n                    <!---->\n                    <h3 class=\"\">Nuestra empresa<\/h3>\n                  <\/div>\n                <\/div>\n                <div data-colibri-id=\"127-c10\" class=\"h-text h-text-component style-394 style-local-127-c10 position-relative h-element\">\n                  <!---->\n                  <!---->\n                  <div class=\"\">\n                    <p>Macpherson Servicios Subacu\u00e1ticos tiene una amplia experiencia en todos los \u00e1mbitos del buceo profesional, industrial y comercial, con el firme prop\u00f3sito de aportar a este sector un alto grado de fiabilidad y seguridad, as\u00ed como un\n                      \u00f3ptimo rendimiento en obras y servicios. El principal objetivo es la plena satisfacci\u00f3n de cada uno de nuestros clientes, manteniendo los m\u00e1s altos niveles de calidad y de seguridad en las intervenciones mediante el minucioso an\u00e1lisis\n                      de cada operaci\u00f3n.<\/p>\n                    <p>Es necesario destacar que Macpherson Servicios Subacu\u00e1ticos es una empresa familiar de larga tradici\u00f3n vinculada al sector mar\u00edtimo, donde la implicaci\u00f3n en la eficiencia profesional va m\u00e1s all\u00e1 de la satisfacci\u00f3n de los requerimientos\n                      del cliente, resultando necesario tambi\u00e9n alcanzar unas cotas de excelencia acordes con principios y valores propios.<\/p>\n                    <p>En el sector del buceo, gozamos de una dilatada experiencia, adquirida durante m\u00e1s de 20 a\u00f1os de dedicaci\u00f3n exclusiva, especializ\u00e1ndonos en servicios t\u00e9cnicos, inspecciones y reparaciones de estructuras a flote, aguas contaminadas,\n                      espacios confinados, as\u00ed como actividades en obras hidr\u00e1ulicas, lo que nos permite aplicar las m\u00e1s avanzadas t\u00e9cnicas de buceo, ofreciendo soluciones espec\u00edficas para cada cliente.<\/p>\n                  <\/div>\n                <\/div>\n              <\/div>\n            <\/div>\n          <\/div>\n          <div class=\"h-column h-column-container d-flex h-col-lg-auto h-col-md-auto h-col-auto style-397-outer style-local-127-c11-outer\">\n            <div data-colibri-id=\"127-c11\" class=\"d-flex h-flex-basis h-column__inner h-px-lg-2 h-px-md-2 h-px-2 v-inner-lg-2 v-inner-md-2 v-inner-2 style-397 style-local-127-c11 position-relative\">\n              <!---->\n              <!---->\n              <div class=\"w-100 h-y-container h-column__content h-column__v-align flex-basis-100 align-self-lg-center align-self-md-center align-self-center\">\n                <!---->\n                <div data-colibri-id=\"127-c12\" class=\"d-block style-398 style-local-127-c12 position-relative h-element\">\n                  <!---->\n                  <div class=\"h-image__frame-container-outer\">\n                    <div class=\"h-image__frame-container\">\n                      <!---->\n                      <!---->\n                      <img fetchpriority=\"high\" decoding=\"async\" width=\"2560\" height=\"1970\" src=\"https:\/\/macpherson.es\/web\/wp-content\/uploads\/2022\/09\/Macpherson-Servicios-Subacuaticos-Team-2021-01-28-076-3-scaled.jpg\" class=\"wp-image-1069 style-398-image style-local-127-c12-image\" alt=\"\" srcset=\"https:\/\/macpherson.es\/web\/wp-content\/uploads\/2022\/09\/Macpherson-Servicios-Subacuaticos-Team-2021-01-28-076-3-scaled.jpg 2560w, https:\/\/macpherson.es\/web\/wp-content\/uploads\/2022\/09\/Macpherson-Servicios-Subacuaticos-Team-2021-01-28-076-3-300x231.jpg 300w, https:\/\/macpherson.es\/web\/wp-content\/uploads\/2022\/09\/Macpherson-Servicios-Subacuaticos-Team-2021-01-28-076-3-1024x788.jpg 1024w, https:\/\/macpherson.es\/web\/wp-content\/uploads\/2022\/09\/Macpherson-Servicios-Subacuaticos-Team-2021-01-28-076-3-768x591.jpg 768w, https:\/\/macpherson.es\/web\/wp-content\/uploads\/2022\/09\/Macpherson-Servicios-Subacuaticos-Team-2021-01-28-076-3-1536x1182.jpg 1536w, https:\/\/macpherson.es\/web\/wp-content\/uploads\/2022\/09\/Macpherson-Servicios-Subacuaticos-Team-2021-01-28-076-3-2048x1576.jpg 2048w, https:\/\/macpherson.es\/web\/wp-content\/uploads\/2022\/09\/Macpherson-Servicios-Subacuaticos-Team-2021-01-28-076-3-16x12.jpg 16w\" sizes=\"(max-width: 2560px) 100vw, 2560px\" \/>\n                      <div class=\"h-image__frame h-hide-sm style-398-frameImage style-local-127-c12-frameImage\"><\/div>\n                    <\/div>\n                  <\/div>\n                <\/div>\n              <\/div>\n            <\/div>\n          <\/div>\n        <\/div>\n      <\/div>\n    <\/div>\n  <\/div>\n  <div data-colibri-component=\"section\" data-colibri-id=\"127-c13\" id=\"content\" class=\"h-section h-section-global-spacing d-flex align-items-lg-center align-items-md-center align-items-center style-402 style-local-127-c13 position-relative\">\n    <!---->\n    <!---->\n    <div class=\"h-section-grid-container h-section-boxed-container\">\n      <!---->\n      <div data-colibri-id=\"127-c14\" class=\"h-row-container gutters-row-lg-2 gutters-row-md-2 gutters-row-2 gutters-row-v-lg-2 gutters-row-v-md-2 gutters-row-v-2 style-403 style-local-127-c14 position-relative\">\n        <!---->\n        <div class=\"h-row justify-content-lg-center justify-content-md-center justify-content-center align-items-lg-stretch align-items-md-stretch align-items-stretch gutters-col-lg-2 gutters-col-md-2 gutters-col-2 gutters-col-v-lg-2 gutters-col-v-md-2 gutters-col-v-2\">\n          <!---->\n          <div class=\"h-column h-column-container d-flex h-col-lg-auto h-col-md-auto h-col-auto style-404-outer style-local-127-c15-outer\">\n            <div data-colibri-id=\"127-c15\" class=\"d-flex h-flex-basis h-column__inner h-px-lg-0 h-px-md-2 h-px-0 v-inner-lg-0 v-inner-md-2 v-inner-0 style-404 style-local-127-c15 position-relative\">\n              <!---->\n              <!---->\n              <div class=\"w-100 h-y-container h-column__content h-column__v-align flex-basis-100 align-self-lg-center align-self-md-center align-self-center\">\n                <!---->\n                <div data-colibri-id=\"127-c16\" class=\"d-block style-405 style-local-127-c16 position-relative h-element\">\n                  <!---->\n                  <div class=\"h-image__frame-container-outer\">\n                    <div class=\"h-image__frame-container\">\n                      <!---->\n                      <!---->\n                      <img decoding=\"async\" width=\"2560\" height=\"1707\" src=\"https:\/\/macpherson.es\/web\/wp-content\/uploads\/2022\/09\/Algeciras-Jet-Algeciras-2021-09-04-0046-2-scaled.jpg\" class=\"wp-image-840 style-405-image style-local-127-c16-image\" alt=\"\" srcset=\"https:\/\/macpherson.es\/web\/wp-content\/uploads\/2022\/09\/Algeciras-Jet-Algeciras-2021-09-04-0046-2-scaled.jpg 2560w, https:\/\/macpherson.es\/web\/wp-content\/uploads\/2022\/09\/Algeciras-Jet-Algeciras-2021-09-04-0046-2-300x200.jpg 300w, https:\/\/macpherson.es\/web\/wp-content\/uploads\/2022\/09\/Algeciras-Jet-Algeciras-2021-09-04-0046-2-1024x683.jpg 1024w, https:\/\/macpherson.es\/web\/wp-content\/uploads\/2022\/09\/Algeciras-Jet-Algeciras-2021-09-04-0046-2-768x512.jpg 768w, https:\/\/macpherson.es\/web\/wp-content\/uploads\/2022\/09\/Algeciras-Jet-Algeciras-2021-09-04-0046-2-1536x1024.jpg 1536w, https:\/\/macpherson.es\/web\/wp-content\/uploads\/2022\/09\/Algeciras-Jet-Algeciras-2021-09-04-0046-2-2048x1365.jpg 2048w\" sizes=\"(max-width: 2560px) 100vw, 2560px\" \/>\n                      <div class=\"h-image__frame h-hide-sm style-405-frameImage style-local-127-c16-frameImage\"><\/div>\n                    <\/div>\n                  <\/div>\n                <\/div>\n              <\/div>\n            <\/div>\n          <\/div>\n          <div class=\"h-column h-column-container d-flex h-col-lg-auto h-col-md-auto h-col-auto style-406-outer style-local-127-c17-outer\">\n            <div data-colibri-id=\"127-c17\" class=\"d-flex h-flex-basis h-column__inner h-px-lg-0 h-px-md-0 h-px-2 v-inner-lg-0 v-inner-md-0 v-inner-2 style-406 style-local-127-c17 position-relative\">\n              <!---->\n              <!---->\n              <div class=\"w-100 h-y-container h-column__content h-column__v-align flex-basis-100 align-self-lg-center align-self-md-center align-self-center\">\n                <!---->\n                <div data-colibri-id=\"127-c18\" class=\"h-global-transition-all h-heading style-407 style-local-127-c18 position-relative h-element\">\n                  <!---->\n                  <div class=\"h-heading__outer style-407 style-local-127-c18\">\n                    <!---->\n                    <!---->\n                    <h3 class=\"\">Nuestro personal<\/h3>\n                  <\/div>\n                <\/div>\n                <div data-colibri-id=\"127-c19\" class=\"h-text h-text-component style-408 style-local-127-c19 position-relative h-element\">\n                  <!---->\n                  <!---->\n                  <div class=\"\">\n                    <p>El personal de Macpherson Servicios Subacu\u00e1ticos responde a un perfil de excelencia t\u00e9cnica y formaci\u00f3n continuada que facilita el mantenimiento de dichos niveles t\u00e9cnicos y tecnol\u00f3gicos. Este requerimiento se hace imprescindible dentro\n                      de la filosof\u00eda de la propia empresa, donde calidad y seguridad son sus valores m\u00e1s esenciales.<\/p>\n                    <p>Adem\u00e1s, implantamos nuevas tecnolog\u00edas para dotar a nuestro personal de las herramientas m\u00e1s eficaces para un mayor rendimiento y seguridad en las operaciones.<\/p>\n                    <p>Todo esto nos permite obtener el m\u00e1s alto grado de cualificaci\u00f3n, reduciendo al m\u00ednimo los riesgos inherentes a esta profesi\u00f3n e incrementando la productividad. Nuestro personal cuenta con la polivalencia necesaria para mantener una\n                      alta adaptabilidad a las particularidades propias de cada encargo profesional, contando con profesionales especializados en los diferentes subtipos de buceo.<\/p>\n                  <\/div>\n                <\/div>\n              <\/div>\n            <\/div>\n          <\/div>\n        <\/div>\n      <\/div>\n    <\/div>\n  <\/div>\n<\/div>","protected":false},"excerpt":{"rendered":"<p>Sobre nosotros Nuestra empresa Macpherson Servicios Subacu\u00e1ticos tiene una amplia experiencia en todos los \u00e1mbitos del buceo profesional, industrial y comercial, con el firme prop\u00f3sito de aportar a este sector un alto grado de fiabilidad y seguridad, as\u00ed como un \u00f3ptimo rendimiento en obras y servicios. El principal objetivo es la plena satisfacci\u00f3n de cada [&hellip;]<\/p>\n","protected":false},"author":1,"featured_media":0,"parent":0,"menu_order":0,"comment_status":"closed","ping_status":"closed","template":"page-templates\/full-width-page.php","meta":{"footnotes":""},"class_list":["post-127","page","type-page","status-publish","hentry"],"_links":{"self":[{"href":"https:\/\/macpherson.es\/web\/wp-json\/wp\/v2\/pages\/127","targetHints":{"allow":["GET"]}}],"collection":[{"href":"https:\/\/macpherson.es\/web\/wp-json\/wp\/v2\/pages"}],"about":[{"href":"https:\/\/macpherson.es\/web\/wp-json\/wp\/v2\/types\/page"}],"author":[{"embeddable":true,"href":"https:\/\/macpherson.es\/web\/wp-json\/wp\/v2\/users\/1"}],"replies":[{"embeddable":true,"href":"https:\/\/macpherson.es\/web\/wp-json\/wp\/v2\/comments?post=127"}],"version-history":[{"count":16,"href":"https:\/\/macpherson.es\/web\/wp-json\/wp\/v2\/pages\/127\/revisions"}],"predecessor-version":[{"id":2811,"href":"https:\/\/macpherson.es\/web\/wp-json\/wp\/v2\/pages\/127\/revisions\/2811"}],"wp:attachment":[{"href":"https:\/\/macpherson.es\/web\/wp-json\/wp\/v2\/media?parent=127"}],"curies":[{"name":"wp","href":"https:\/\/api.w.org\/{rel}","templated":true}]}}