{"id":2174,"date":"2022-10-07T07:10:32","date_gmt":"2022-10-07T06:10:32","guid":{"rendered":"https:\/\/macpherson.es\/web\/?page_id=2174"},"modified":"2023-02-23T17:20:35","modified_gmt":"2023-02-23T16:20:35","slug":"aviso-legal","status":"publish","type":"page","link":"https:\/\/macpherson.es\/web\/aviso-legal\/","title":{"rendered":"Aviso legal"},"content":{"rendered":"<div data-colibri-id=\"2174-c1\" class=\"style-1504 style-local-2174-c1 position-relative\">\r\n  <!---->\r\n  <div data-colibri-component=\"section\" data-colibri-id=\"2174-c2\" id=\"custom\" class=\"h-section h-section-global-spacing d-flex align-items-lg-center align-items-md-center align-items-center style-1505 style-local-2174-c2 position-relative\">\r\n    <!---->\r\n    <!---->\r\n    <div class=\"h-section-grid-container h-section-boxed-container\">\r\n      <!---->\r\n      <div data-colibri-id=\"2174-c3\" class=\"h-row-container gutters-row-lg-2 gutters-row-md-2 gutters-row-0 gutters-row-v-lg-2 gutters-row-v-md-2 gutters-row-v-2 style-1506 style-local-2174-c3 position-relative\">\r\n        <!---->\r\n        <div class=\"h-row justify-content-lg-center justify-content-md-center justify-content-center align-items-lg-stretch align-items-md-stretch align-items-stretch gutters-col-lg-2 gutters-col-md-2 gutters-col-0 gutters-col-v-lg-2 gutters-col-v-md-2 gutters-col-v-2\">\r\n          <!---->\r\n          <div class=\"h-column h-column-container d-flex h-col-lg-auto h-col-md-auto h-col-auto style-1507-outer style-local-2174-c4-outer\">\r\n            <div data-colibri-id=\"2174-c4\" class=\"d-flex h-flex-basis h-column__inner h-px-lg-2 h-px-md-2 h-px-2 v-inner-lg-2 v-inner-md-2 v-inner-2 style-1507 style-local-2174-c4 position-relative\">\r\n              <!---->\r\n              <!---->\r\n              <div class=\"w-100 h-y-container h-column__content h-column__v-align flex-basis-100 align-self-lg-start align-self-md-start align-self-start\">\r\n                <!---->\r\n                <div data-colibri-id=\"2174-c5\" class=\"h-global-transition-all h-heading style-1508 style-local-2174-c5 position-relative h-element\">\r\n                  <!---->\r\n                  <div class=\"h-heading__outer style-1508 style-local-2174-c5\">\r\n                    <!---->\r\n                    <!---->\r\n                    <h2 class=\"\">Aviso legal<\/h2>\r\n                  <\/div>\r\n                <\/div>\r\n                <div data-colibri-id=\"2174-c6\" class=\"h-divider style-1530 style-local-2174-c6 position-relative h-element\">\r\n                  <!----><span class=\"h-divider__line style-1530-line style-local-2174-c6-line style-1530-line style-local-2174-c6-line\"><\/span><\/div>\r\n              <\/div>\r\n            <\/div>\r\n          <\/div>\r\n        <\/div>\r\n      <\/div>\r\n    <\/div>\r\n  <\/div>\r\n  <div data-colibri-component=\"section\" data-colibri-id=\"2174-c7\" id=\"custom-2\" class=\"h-section h-section-global-spacing d-flex align-items-lg-center align-items-md-center align-items-center style-1509 style-local-2174-c7 position-relative\">\r\n    <!---->\r\n    <!---->\r\n    <div class=\"h-section-grid-container h-section-boxed-container\">\r\n      <!---->\r\n      <div data-colibri-id=\"2174-c8\" class=\"h-row-container gutters-row-lg-2 gutters-row-md-2 gutters-row-0 gutters-row-v-lg-2 gutters-row-v-md-2 gutters-row-v-2 style-1510 style-local-2174-c8 position-relative\">\r\n        <!---->\r\n        <div class=\"h-row justify-content-lg-center justify-content-md-center justify-content-center align-items-lg-stretch align-items-md-stretch align-items-stretch gutters-col-lg-2 gutters-col-md-2 gutters-col-0 gutters-col-v-lg-2 gutters-col-v-md-2 gutters-col-v-2\">\r\n          <!---->\r\n          <div class=\"h-column h-column-container d-flex h-col-lg-auto h-col-md-auto h-col-auto style-1511-outer style-local-2174-c9-outer\">\r\n            <div data-colibri-id=\"2174-c9\" class=\"d-flex h-flex-basis h-column__inner h-px-lg-2 h-px-md-2 h-px-2 v-inner-lg-2 v-inner-md-2 v-inner-2 style-1511 style-local-2174-c9 position-relative\">\r\n              <!---->\r\n              <!---->\r\n              <div class=\"w-100 h-y-container h-column__content h-column__v-align flex-basis-100 align-self-lg-start align-self-md-start align-self-start\">\r\n                <!---->\r\n                <div data-colibri-id=\"2174-c10\" class=\"h-text h-text-component style-1512 style-local-2174-c10 position-relative h-element\">\r\n                  <!---->\r\n                  <!---->\r\n                  <div class=\"\">\r\n                    <p>Con la finalidad de dar cumplimiento al art\u00edculo 10 de la Ley 34\/2022 de servicios de la Sociedad de la Informaci\u00f3n y Comercio Electr\u00f3nico, informamos al usuario de nuestros datos:\r\n                      <br>Denominaci\u00f3n social: Hermanos Macpherson Snyder SL, en adelante, &#8216;El prestador&#8217;.\r\n                      <br>Nombre comercial: Macpherson Servicios Subacu\u00e1ticos\r\n                      <br>Domicilio social: Calle Pajar 40, El Puerto de Santa Mar\u00eda (C\u00e1diz, Espa\u00f1a).\r\n                      <br>CIF: B1157913\r\n                      <br>Tel\u00e9fono: +34 956 540 539\r\n                      <br>Email: administracion@macpherson.es<\/p>\r\n                  <\/div>\r\n                <\/div>\r\n                <div data-colibri-id=\"2174-c11\" class=\"h-global-transition-all h-heading style-1514 style-local-2174-c11 position-relative h-element\">\r\n                  <!---->\r\n                  <div class=\"h-heading__outer style-1514 style-local-2174-c11\">\r\n                    <!---->\r\n                    <!---->\r\n                    <h4 class=\"\">Objeto<\/h4>\r\n                  <\/div>\r\n                <\/div>\r\n                <div data-colibri-id=\"2174-c12\" class=\"h-text h-text-component style-1515 style-local-2174-c12 position-relative h-element\">\r\n                  <!---->\r\n                  <!---->\r\n                  <div class=\"\">\r\n                    <p>El prestador, responsable del sitio web, pone a disposici\u00f3n de los usuarios el presente documento con el que pretende dar cumplimiento a las obligaciones dispuestas en la Ley 34\/2022, de Servicios de la Sociedad de la Informaci\u00f3n y\r\n                      del Comercio Electr\u00f3nico (LSSI-CE), as\u00ed como informar a todos los usuarios del sitio web respecto a cu\u00e1les son las condiciones de uso del sitio web.<\/p>\r\n                    <p>Toda persona que acceda a este sitio web asume el papel de usuario, comprometi\u00e9ndose a la observancia y cumplimiento riguroso de las disposiciones aqu\u00ed dispuestas,&nbsp;as\u00ed como a cualquier otra disposici\u00f3n legal que fuera de aplicaci\u00f3n.<\/p>\r\n                    <p>El prestador se reserva el derecho a modificar cualquier tipo de informaci\u00f3n que pudiera aparecer en el sitio web, sin que exista obligaci\u00f3n de preavisar o poner en conocimiento de los usuarios dichas obligaciones, entendi\u00e9ndose como\r\n                      suficiente con la publicaci\u00f3n en el sitio web del prestador.<\/p>\r\n                  <\/div>\r\n                <\/div>\r\n                <div data-colibri-id=\"2174-c13\" class=\"h-global-transition-all h-heading style-1516 style-local-2174-c13 position-relative h-element\">\r\n                  <!---->\r\n                  <div class=\"h-heading__outer style-1516 style-local-2174-c13\">\r\n                    <!---->\r\n                    <!---->\r\n                    <h4 class=\"\">Responsabilidad<\/h4>\r\n                  <\/div>\r\n                <\/div>\r\n                <div data-colibri-id=\"2174-c14\" class=\"h-text h-text-component style-1517 style-local-2174-c14 position-relative h-element\">\r\n                  <!---->\r\n                  <!---->\r\n                  <div class=\"\">\r\n                    <p>El prestador se exime de cualquier tipo de responsabilidad derivada de la informaci\u00f3n publicada en su sitio web, siempre que esa informaci\u00f3n haya sido manipulada o introducida por un tercero ajeno al mismo.<\/p>\r\n                    <p>El sitio web del prestador puede utilizar cookies (peque\u00f1os archivos de informaci\u00f3n que el servidor env\u00eda al ordenador de quien accede a la p\u00e1gina) para llevar a cabo determinadas funciones que son consideradas imprescindibles para\r\n                      el correcto funcionamiento y visualizaci\u00f3n del sitio. Las cookies utilizadas en el sitio web tienen, en todo caso, car\u00e1cter temporal con la \u00fanica finalidad de hacer m\u00e1s eficaz su transmisi\u00f3n ulterior y desaparecen al terminar la\r\n                      sesi\u00f3n del usuario. En ning\u00fan caso se utilizar\u00e1n las cookies para recoger informaci\u00f3n de car\u00e1cter personal.&nbsp;<\/p>\r\n                  <\/div>\r\n                <\/div>\r\n                <div data-colibri-id=\"2174-c15\" class=\"h-x-container style-1518 style-local-2174-c15 position-relative h-element\">\r\n                  <!---->\r\n                  <div class=\"h-x-container-inner style-dynamic-2174-c15-group style-1518-spacing style-local-2174-c15-spacing\"><span class=\"h-link__outer style-1519-outer style-local-2174-c16-outer d-inline-flex h-element\"><a h-use-smooth-scroll=\"true\" href=\"https:\/\/macpherson.es\/web\/politica-de-cookies-ue\/\"  data-colibri-id=\"2174-c16\" class=\"d-flex w-100 align-items-center h-link style-1519 style-local-2174-c16 position-relative\"><!----><!----> <span>Pol\u00edtica de cookies<\/span><\/a>\r\n                    <\/span>\r\n                  <\/div>\r\n                <\/div>\r\n                <div data-colibri-id=\"2174-c17\" class=\"h-text h-text-component style-1520 style-local-2174-c17 position-relative h-element\">\r\n                  <!---->\r\n                  <!---->\r\n                  <div class=\"\">\r\n                    <p>Desde el sitio web del cliente es posible que se redirija a contenidos de terceros sitios web. Dado que el prestador no puede controlar siempre los contenidos introducidos por los terceros en sus sitios web, \u00e9ste no asume ning\u00fan tito\r\n                      de responsabilidad respecto a dichos contenidos. En todo caso, el prestador manifiesta que proceder\u00e1 a la retirada inmediata de cualquier contenido que pudiera contravenir la legislaci\u00f3n nacional o internacional, la moral o el orden\r\n                      p\u00fablico, procediendo a la retirada inmediata de la redirecci\u00f3n a dicho sitio web, poniendo en conocimiento de las autoridades competentes el contenido en cuesti\u00f3n.<\/p>\r\n                    <p>El prestador no se hace responsable de la informaci\u00f3n y contenidos almacenados, a t\u00edtulo enunciativo pero no limitativo, en foros, chats, generadores de blogs, comentarios, redes sociales o cualquier otro medio que permita a terceros\r\n                      publicar contenidos de forma independiente a la p\u00e1gina web del prestador. No obstante y en cumplimiento de lo dispuesto en el art.11 y 16 dela LSSI-CE, el prestador se pone a disposici\u00f3n de todos los usuarios, autoridades y fuerzas\r\n                      de seguridad, y colaborando de forma activa en la retirada o en su caso bloqueo de todos aquellos contenidos que pudieran afectar o contravenir la legislaci\u00f3n nacional, o internacional, derechos de terceros o la moral y el orden\r\n                      p\u00fablico. En caso de que el usuario considere que existe en el sitio web alg\u00fan contenido que pudiera ser susceptible de esta clasificaci\u00f3n, se ruega no notifique de forma inmediata al administrador del sitio web.<\/p>\r\n                    <p>este sitio web ha sido revisado y probado para que funcione correctamente. En principio, puede garantizarse el correcto funcionamiento los 365 d\u00edas del a\u00f1o, 24 horas al d\u00eda. No obstante, el prestador no descarta la posibilidad de que\r\n                      existan ciertos errores de programaci\u00f3n, o que acontezcan causas de fuerza mayor, cat\u00e1strofes naturales, huelgas, o circunstancias semejantes que hagan imposible el acceso a la p\u00e1gina web.<\/p>\r\n                  <\/div>\r\n                <\/div>\r\n                <div data-colibri-id=\"2174-c18\" class=\"h-global-transition-all h-heading style-1521 style-local-2174-c18 position-relative h-element\">\r\n                  <!---->\r\n                  <div class=\"h-heading__outer style-1521 style-local-2174-c18\">\r\n                    <!---->\r\n                    <!---->\r\n                    <h4 class=\"\">Propiedad intelectual e industrial<\/h4>\r\n                  <\/div>\r\n                <\/div>\r\n                <div data-colibri-id=\"2174-c19\" class=\"h-text h-text-component style-1522 style-local-2174-c19 position-relative h-element\">\r\n                  <!---->\r\n                  <!---->\r\n                  <div class=\"\">\r\n                    <p>El sitio web, incluyendo a t\u00edtulo enunciativo pero no limitativo su programaci\u00f3n, edici\u00f3n, compilaci\u00f3n y dem\u00e1s elementos necesarios para su funcionamiento, los dise\u00f1os, logotipos, texto y\/o gr\u00e1ficos son propiedad del prestador o en\r\n                      su caso dispone de licencia o autorizaci\u00f3n expresa por parte de los autores. Todos los contenidos del sitio web se encuentran debidamente protegidos por la normativa de propiedad intelectual e industrial, as\u00ed como inscritos en los\r\n                      registros p\u00fablicos correspondientes.&nbsp;\r\n                      <br>Independientemente de la finalidad para la que fueran destinados, la reproducci\u00f3n total o parcial, uso, explotaci\u00f3n, distribuci\u00f3n y comercializaci\u00f3n, requiere en todo caso de la autorizaci\u00f3n escrita previa por parte del prestador.\r\n                      Cualquier uso no autorizado previamente por parte del prestador ser\u00e1 considerado un incumplimiento grave de los derechos de propiedad intelectual o industrial del autor.<\/p>\r\n                    <p>Los dise\u00f1os, logotipos, texto y\/o gr\u00e1ficos ajenos al prestador y que pudieran aparecer en el sitio web, pertenecen a sus respectivos propietarios, siendo ellos mismos responsables de cualquier posible controversia que pudiera suscitarse\r\n                      respecto a los mismos. En todo caso, el prestador cuenta con la autorizaci\u00f3n expresa y previa por parte de los mismos.<\/p>\r\n                    <p>El prestador reconoce a favor de sus titulares los correspondientes derechos de propiedad industrial e intelectual, no implicando su sola menci\u00f3n o aparici\u00f3n en el sitio web la existencia derechos o responsabilidad alguna del prestador\r\n                      sobre los mismos, como tampoco respaldo, patrocinio o recomendaci\u00f3n por parte del mismo.<\/p>\r\n                    <p>Para realizar cualquier tipo de observaci\u00f3n respecto a posibles incumplimientos de los derechos de propiedad intelectual o industrial, as\u00ed como sobre cualquiera de los contenidos del sitio web, puede hacerlo a trav\u00e9s del correo electr\u00f3nico\r\n                      que figura en los datos identificativos al principio de este documento.<\/p>\r\n                  <\/div>\r\n                <\/div>\r\n                <div data-colibri-id=\"2174-c20\" class=\"h-global-transition-all h-heading style-1523 style-local-2174-c20 position-relative h-element\">\r\n                  <!---->\r\n                  <div class=\"h-heading__outer style-1523 style-local-2174-c20\">\r\n                    <!---->\r\n                    <!---->\r\n                    <h4 class=\"\">Veracidad de la informaci\u00f3n<\/h4>\r\n                  <\/div>\r\n                <\/div>\r\n                <div data-colibri-id=\"2174-c21\" class=\"h-text h-text-component style-1524 style-local-2174-c21 position-relative h-element\">\r\n                  <!---->\r\n                  <!---->\r\n                  <div class=\"\">\r\n                    <p>Toda la informaci\u00f3n que facilita el usuario tiene que ser veraz. A estos efectos, el usuario garantiza la autenticidad de los datos comunicados a trav\u00e9s de los formularios para la suscripci\u00f3n de los servicios. Ser\u00e1 responsabilidad\r\n                      del usuario mantener toda la informaci\u00f3n facilitada a la empresa permanentemente actualizada de forma que responda, en cada momento, a su situaci\u00f3n real. En todo caso, el usuario ser\u00e1 el \u00fanico responsable de las manifestaciones falsas\r\n                      o inexactas que realice y de los perjuicios que cause al prestador o a terceros.&nbsp;<\/p>\r\n                  <\/div>\r\n                <\/div>\r\n                <div data-colibri-id=\"2174-c22\" class=\"h-global-transition-all h-heading style-1525 style-local-2174-c22 position-relative h-element\">\r\n                  <!---->\r\n                  <div class=\"h-heading__outer style-1525 style-local-2174-c22\">\r\n                    <!---->\r\n                    <!---->\r\n                    <h4 class=\"\">Obligaci\u00f3n de hacer un uso correcto de la web<\/h4>\r\n                  <\/div>\r\n                <\/div>\r\n                <div data-colibri-id=\"2174-c23\" class=\"h-text h-text-component style-1526 style-local-2174-c23 position-relative h-element\">\r\n                  <!---->\r\n                  <!---->\r\n                  <div class=\"\">\r\n                    <p>El usuario se compromete a utilizar la web de conformidad a la ley y al presente Aviso Legal, as\u00ed como a la moral&nbsp;y a buenas costumbres. A tal efecto, el usuario se abstendr\u00e1 de utilizar la p\u00e1gina con finalidades l\u00edcitas o prohibidas,\r\n                      lesivas de derechos e intereses de terceros, o que de cualquier forma puedan da\u00f1ar, inutilizar, sobrecargar, deteriorar o impedir la normal utilizaci\u00f3n de equipos inform\u00e1ticos o documentos, archivos y toda clase de contenidos almacenados\r\n                      en cualquier equipo inform\u00e1tico del prestador.<\/p>\r\n                    <p>En particular, y a t\u00edtulo indicativo pero no exhaustivo, el usuario se compromete a no transmitir, difundir o poner a disposici\u00f3n de terceros informaciones, datos, contenidos, mensajes, gr\u00e1ficos, dibujos, archivos de sonido o imagen,\r\n                      fotograf\u00edas, grabaciones, software y, en general cualquier clase de material que:<\/p>\r\n                    <p>(a) sea contraria, desprecie o atente contra los derechos fundamentales y las libertades p\u00fablicas reconocidas constitucionalmente, en tratados internaciones y otras normas vigente;\r\n                      <br>(b) induzca, incite o promueva actuaciones delictivas, denigrantes, difamatorias, violentas o, en general, contrarias a la ley, a la moral y al orden p\u00fablico;\r\n                      <br>(c) induzca, incite o promueva actuaciones, actitudes o pensamientos discriminatorios por raz\u00f3n de sexo, raza, religi\u00f3n, creencias, edad o condici\u00f3n;\r\n                      <br>(d) sea contrario al derecho al honor, a la intimidad personal o familiar o a la propia imagen de las personas;\r\n                      <br>(e) de cualquier manera perjudique la credibilidad del prestador o de terceros; y\r\n                      <br>(f) constituya publicidad il\u00edcita, enga\u00f1osa o desleal.<\/p>\r\n                  <\/div>\r\n                <\/div>\r\n                <div data-colibri-id=\"2174-c24\" class=\"h-global-transition-all h-heading style-1527 style-local-2174-c24 position-relative h-element\">\r\n                  <!---->\r\n                  <div class=\"h-heading__outer style-1527 style-local-2174-c24\">\r\n                    <!---->\r\n                    <!---->\r\n                    <h4 class=\"\">Ley aplicable y jurisdicci\u00f3n<\/h4>\r\n                  <\/div>\r\n                <\/div>\r\n                <div data-colibri-id=\"2174-c25\" class=\"h-text h-text-component style-1528 style-local-2174-c25 position-relative h-element\">\r\n                  <!---->\r\n                  <!---->\r\n                  <div class=\"\">\r\n                    <p>Para la resoluci\u00f3n de todas las controversias o cuestiones relacionadas con el presente sitio web o de las actividades en \u00e9l desarrolladas, ser\u00e1 de aplicaci\u00f3n la legislaci\u00f3n espa\u00f1ola, a la que se someten expresamente las partes, siendo\r\n                      competentes para la resoluci\u00f3n de todos los conflictos derivados o relacionados con su uso los Juzgados y Tribunas de Andaluc\u00eda.<\/p>\r\n                  <\/div>\r\n                <\/div>\r\n              <\/div>\r\n            <\/div>\r\n          <\/div>\r\n        <\/div>\r\n      <\/div>\r\n    <\/div>\r\n  <\/div>\r\n<\/div>","protected":false},"excerpt":{"rendered":"<p>Aviso legal Con la finalidad de dar cumplimiento al art\u00edculo 10 de la Ley 34\/2022 de servicios de la Sociedad de la Informaci\u00f3n y Comercio Electr\u00f3nico, informamos al usuario de nuestros datos: Denominaci\u00f3n social: Hermanos Macpherson Snyder SL, en adelante, &#8216;El prestador&#8217;. Nombre comercial: Macpherson Servicios Subacu\u00e1ticos Domicilio social: Calle Pajar 40, El Puerto de [&hellip;]<\/p>\n","protected":false},"author":1,"featured_media":0,"parent":0,"menu_order":0,"comment_status":"closed","ping_status":"closed","template":"page-templates\/full-width-page.php","meta":{"footnotes":""},"class_list":["post-2174","page","type-page","status-publish","hentry"],"_links":{"self":[{"href":"https:\/\/macpherson.es\/web\/wp-json\/wp\/v2\/pages\/2174","targetHints":{"allow":["GET"]}}],"collection":[{"href":"https:\/\/macpherson.es\/web\/wp-json\/wp\/v2\/pages"}],"about":[{"href":"https:\/\/macpherson.es\/web\/wp-json\/wp\/v2\/types\/page"}],"author":[{"embeddable":true,"href":"https:\/\/macpherson.es\/web\/wp-json\/wp\/v2\/users\/1"}],"replies":[{"embeddable":true,"href":"https:\/\/macpherson.es\/web\/wp-json\/wp\/v2\/comments?post=2174"}],"version-history":[{"count":6,"href":"https:\/\/macpherson.es\/web\/wp-json\/wp\/v2\/pages\/2174\/revisions"}],"predecessor-version":[{"id":2622,"href":"https:\/\/macpherson.es\/web\/wp-json\/wp\/v2\/pages\/2174\/revisions\/2622"}],"wp:attachment":[{"href":"https:\/\/macpherson.es\/web\/wp-json\/wp\/v2\/media?parent=2174"}],"curies":[{"name":"wp","href":"https:\/\/api.w.org\/{rel}","templated":true}]}}