{"id":3332,"date":"2025-03-17T11:37:44","date_gmt":"2025-03-17T10:37:44","guid":{"rendered":"https:\/\/macpherson.es\/web\/?page_id=3332"},"modified":"2025-03-17T12:47:50","modified_gmt":"2025-03-17T11:47:50","slug":"sostenibilidad-y-medio-ambiente","status":"publish","type":"page","link":"https:\/\/macpherson.es\/web\/sostenibilidad-y-medio-ambiente\/","title":{"rendered":"SOSTENIBILIDAD Y MEDIO AMBIENTE"},"content":{"rendered":"\n<h2 class=\"wp-block-heading\">INSTALACI\u00d3N DE AUTOCONSUMO FOTOVOLTAICA HNOS. MACPHERSON SNYDER, S.L.<\/h2>\n\n\n\n<p>HNOS. MACPHERSON SNYDER, S.L. ha recibido una ayuda de la Uni\u00f3n Europea con cargo al Fondo NextGenerationEU, en el marco del Plan de Recuperaci\u00f3n, Trasformaci\u00f3n y Resiliencia, para instalaci\u00f3n de Autoconsumo con fuentes de energ\u00eda renovables \/ DESARROLLO DE ENERG\u00cdAS RENOVABLES, dentro del programa de incentivos ligados al autoconsumo y almacenamiento, con fuentes de energ\u00eda renovable, as\u00ed como la implantaci\u00f3n de sistemas t\u00e9rmicos renovables en el sector residencial del Ministerio para la Transici\u00f3n Ecol\u00f3gica y el Reto Demogr\u00e1fico, gestionado por la Junta de Andaluc\u00eda, a trav\u00e9s de la Agencia Andaluza de la Energ\u00eda.<\/p>\n\n\n\n<p>Inversi\u00f3n total: 7.348,30\u20ac<\/p>\n\n\n\n<p>Importe de la ayuda: 2.732,85\u20ac<\/p>\n\n\n\n<p>Descripci\u00f3n de la actuaci\u00f3n:<\/p>\n\n\n\n<p>El proyecto se ha realizado en CALLE SEDERIA N\u00ba 30 PORTAL 6 , EL PUERTO DE SANTA, 11500 , C\u00c1DIZ y consta de la siguiente actuaci\u00f3n:<\/p>\n\n\n\n<p>Instalaci\u00f3n de 12 m\u00f3dulos fotovoltaicos de 455 Wp de potencia unitaria, 5,46 kWp en total en la cubierta de la planta.<\/p>\n\n\n\n<p>Con esta actuaci\u00f3n se genera ahorro en el consumo el\u00e9ctrico de la planta a trav\u00e9s de la generaci\u00f3n solar renovable el\u00e9ctrica evitando la generaci\u00f3n de gases de efecto invernadero y el consumo de recursos naturales desde fuentes de energ\u00eda no renovables.<\/p>\n\n\n\n<figure class=\"wp-block-image size-large\"><img fetchpriority=\"high\" decoding=\"async\" width=\"1024\" height=\"662\" src=\"https:\/\/macpherson.es\/web\/wp-content\/uploads\/2025\/03\/FOTO-PLACAS-1024x662.jpg\" alt=\"\" class=\"wp-image-3333\" srcset=\"https:\/\/macpherson.es\/web\/wp-content\/uploads\/2025\/03\/FOTO-PLACAS-1024x662.jpg 1024w, https:\/\/macpherson.es\/web\/wp-content\/uploads\/2025\/03\/FOTO-PLACAS-300x194.jpg 300w, https:\/\/macpherson.es\/web\/wp-content\/uploads\/2025\/03\/FOTO-PLACAS-768x497.jpg 768w, https:\/\/macpherson.es\/web\/wp-content\/uploads\/2025\/03\/FOTO-PLACAS-1536x993.jpg 1536w, https:\/\/macpherson.es\/web\/wp-content\/uploads\/2025\/03\/FOTO-PLACAS-2048x1325.jpg 2048w, https:\/\/macpherson.es\/web\/wp-content\/uploads\/2025\/03\/FOTO-PLACAS-18x12.jpg 18w\" sizes=\"(max-width: 1024px) 100vw, 1024px\" \/><\/figure>\n\n\n\n<figure class=\"wp-block-gallery has-nested-images columns-default is-cropped wp-block-gallery-1 is-layout-flex wp-block-gallery-is-layout-flex\">\n<figure class=\"wp-block-image size-large\"><img decoding=\"async\" width=\"1024\" height=\"174\" data-id=\"3346\" src=\"https:\/\/macpherson.es\/web\/wp-content\/uploads\/2025\/03\/MACPHERSON-1024x174.jpg\" alt=\"\" class=\"wp-image-3346\" srcset=\"https:\/\/macpherson.es\/web\/wp-content\/uploads\/2025\/03\/MACPHERSON-1024x174.jpg 1024w, https:\/\/macpherson.es\/web\/wp-content\/uploads\/2025\/03\/MACPHERSON-300x51.jpg 300w, https:\/\/macpherson.es\/web\/wp-content\/uploads\/2025\/03\/MACPHERSON-768x131.jpg 768w, https:\/\/macpherson.es\/web\/wp-content\/uploads\/2025\/03\/MACPHERSON-1536x261.jpg 1536w, https:\/\/macpherson.es\/web\/wp-content\/uploads\/2025\/03\/MACPHERSON-2048x348.jpg 2048w, https:\/\/macpherson.es\/web\/wp-content\/uploads\/2025\/03\/MACPHERSON-18x3.jpg 18w\" sizes=\"(max-width: 1024px) 100vw, 1024px\" \/><\/figure>\n<\/figure>\n\n\n\n<p><\/p>\n","protected":false},"excerpt":{"rendered":"<p>INSTALACI\u00d3N DE AUTOCONSUMO FOTOVOLTAICA HNOS. MACPHERSON SNYDER, S.L. HNOS. MACPHERSON SNYDER, S.L. ha recibido una ayuda de la Uni\u00f3n Europea con cargo al Fondo NextGenerationEU, en el marco del Plan de Recuperaci\u00f3n, Trasformaci\u00f3n y Resiliencia, para instalaci\u00f3n de Autoconsumo con fuentes de energ\u00eda renovables \/ DESARROLLO DE ENERG\u00cdAS RENOVABLES, dentro del programa de incentivos ligados [&hellip;]<\/p>\n","protected":false},"author":1,"featured_media":0,"parent":0,"menu_order":0,"comment_status":"closed","ping_status":"closed","template":"","meta":{"footnotes":""},"class_list":["post-3332","page","type-page","status-publish","hentry"],"_links":{"self":[{"href":"https:\/\/macpherson.es\/web\/wp-json\/wp\/v2\/pages\/3332","targetHints":{"allow":["GET"]}}],"collection":[{"href":"https:\/\/macpherson.es\/web\/wp-json\/wp\/v2\/pages"}],"about":[{"href":"https:\/\/macpherson.es\/web\/wp-json\/wp\/v2\/types\/page"}],"author":[{"embeddable":true,"href":"https:\/\/macpherson.es\/web\/wp-json\/wp\/v2\/users\/1"}],"replies":[{"embeddable":true,"href":"https:\/\/macpherson.es\/web\/wp-json\/wp\/v2\/comments?post=3332"}],"version-history":[{"count":2,"href":"https:\/\/macpherson.es\/web\/wp-json\/wp\/v2\/pages\/3332\/revisions"}],"predecessor-version":[{"id":3347,"href":"https:\/\/macpherson.es\/web\/wp-json\/wp\/v2\/pages\/3332\/revisions\/3347"}],"wp:attachment":[{"href":"https:\/\/macpherson.es\/web\/wp-json\/wp\/v2\/media?parent=3332"}],"curies":[{"name":"wp","href":"https:\/\/api.w.org\/{rel}","templated":true}]}}