{"id":466,"date":"2022-09-22T12:36:10","date_gmt":"2022-09-22T12:36:10","guid":{"rendered":"https:\/\/macpherson.es\/web\/?page_id=466"},"modified":"2024-12-11T13:17:52","modified_gmt":"2024-12-11T12:17:52","slug":"sociedades-clasificadoras","status":"publish","type":"page","link":"https:\/\/macpherson.es\/web\/sociedades-clasificadoras\/","title":{"rendered":"Clasificadoras"},"content":{"rendered":"<div data-colibri-id=\"466-c1\" class=\"style-568 style-local-466-c1 position-relative\">\n  <!---->\n  <div data-colibri-component=\"section\" data-colibri-id=\"466-c2\" id=\"custom\" class=\"h-section h-section-global-spacing d-flex align-items-lg-center align-items-md-center align-items-center style-569 style-local-466-c2 position-relative\">\n    <!---->\n    <!---->\n    <div class=\"h-section-grid-container h-section-boxed-container\">\n      <!---->\n      <div data-colibri-id=\"466-c3\" class=\"h-row-container gutters-row-lg-2 gutters-row-md-2 gutters-row-0 gutters-row-v-lg-2 gutters-row-v-md-2 gutters-row-v-2 style-570 style-local-466-c3 position-relative\">\n        <!---->\n        <div class=\"h-row justify-content-lg-center justify-content-md-center justify-content-center align-items-lg-stretch align-items-md-stretch align-items-stretch gutters-col-lg-2 gutters-col-md-2 gutters-col-0 gutters-col-v-lg-2 gutters-col-v-md-2 gutters-col-v-2\">\n          <!---->\n          <div class=\"h-column h-column-container d-flex h-col-lg-auto h-col-md-auto h-col-auto style-571-outer style-local-466-c4-outer\">\n            <div data-colibri-id=\"466-c4\" class=\"d-flex h-flex-basis h-column__inner h-px-lg-2 h-px-md-2 h-px-2 v-inner-lg-2 v-inner-md-2 v-inner-2 style-571 style-local-466-c4 position-relative\">\n              <!---->\n              <!---->\n              <div class=\"w-100 h-y-container h-column__content h-column__v-align flex-basis-100 align-self-lg-start align-self-md-start align-self-start\">\n                <!---->\n                <div data-colibri-id=\"466-c5\" class=\"h-global-transition-all h-heading style-572 style-local-466-c5 position-relative h-element\">\n                  <!---->\n                  <div class=\"h-heading__outer style-572 style-local-466-c5\">\n                    <!---->\n                    <!---->\n                    <h2 class=\"\">Sociedades clasificadoras<\/h2>\n                  <\/div>\n                <\/div>\n                <div data-colibri-id=\"466-c6\" class=\"h-divider style-1393 style-local-466-c6 position-relative h-element\">\n                  <!----><span class=\"h-divider__line style-1393-line style-local-466-c6-line style-1393-line style-local-466-c6-line\"><\/span><\/div>\n              <\/div>\n            <\/div>\n          <\/div>\n        <\/div>\n      <\/div>\n    <\/div>\n  <\/div>\n  <div data-colibri-component=\"section\" data-colibri-id=\"466-c7\" id=\"custom-2\" class=\"h-section h-section-global-spacing d-flex align-items-lg-center align-items-md-center align-items-center style-573 style-local-466-c7 position-relative\">\n    <!---->\n    <!---->\n    <div class=\"h-section-grid-container h-section-boxed-container\">\n      <!---->\n      <div data-colibri-id=\"466-c8\" class=\"h-row-container gutters-row-lg-2 gutters-row-md-2 gutters-row-0 gutters-row-v-lg-2 gutters-row-v-md-2 gutters-row-v-2 style-577 style-local-466-c8 position-relative\">\n        <!---->\n        <div class=\"h-row justify-content-lg-center justify-content-md-center justify-content-center align-items-lg-stretch align-items-md-stretch align-items-stretch gutters-col-lg-2 gutters-col-md-2 gutters-col-0 gutters-col-v-lg-2 gutters-col-v-md-2 gutters-col-v-2\">\n          <!---->\n          <div class=\"h-column h-column-container d-flex h-col-lg-auto h-col-md-auto h-col-auto style-578-outer style-local-466-c9-outer\">\n            <div data-colibri-id=\"466-c9\" class=\"d-flex h-flex-basis h-column__inner h-px-lg-2 h-px-md-2 h-px-2 v-inner-lg-2 v-inner-md-2 v-inner-2 style-578 style-local-466-c9 position-relative\">\n              <!---->\n              <!---->\n              <div class=\"w-100 h-y-container h-column__content h-column__v-align flex-basis-100 align-self-lg-start align-self-md-start align-self-start\">\n                <!---->\n                <div data-colibri-id=\"466-c10\" class=\"h-text h-text-component style-579 style-local-466-c10 position-relative h-element\">\n                  <!---->\n                  <!---->\n                  <div class=\"\">\n                    <p>Macpherson Servicios Subacu\u00e1ticos cuenta con la aprobaci\u00f3n de varias sociedades clasificadoras. Nuestra determinaci\u00f3n, trabajo duro y excelencia a la hora de desempe\u00f1ar nuestros servicios nos han dotado de diversas certificaciones\n                      para poder darle a nuestros clientes lo mejor.<\/p>\n                    <p>A trav\u00e9s de la contrataci\u00f3n de nuestras Inspecciones clasificadas puedes obtener la certificaci\u00f3n deseada para tu buque.<\/p>\n                    <p>Actualmente contamos con Bureau Veritas, Lloyd&#8217;s Register, DNV , ABS y RINA.<\/p>\n                  <\/div>\n                <\/div>\n              <\/div>\n            <\/div>\n          <\/div>\n        <\/div>\n      <\/div>\n      <div data-colibri-id=\"466-c11\" class=\"h-row-container gutters-row-lg-2 gutters-row-md-2 gutters-row-0 gutters-row-v-lg-2 gutters-row-v-md-2 gutters-row-v-2 style-703 style-local-466-c11 position-relative\">\n        <!---->\n        <div class=\"h-row justify-content-lg-center justify-content-md-center justify-content-center align-items-lg-stretch align-items-md-stretch align-items-stretch gutters-col-lg-2 gutters-col-md-2 gutters-col-0 gutters-col-v-lg-2 gutters-col-v-md-2 gutters-col-v-2\">\n          <!---->\n          <div class=\"h-column h-column-container d-flex h-col-lg-auto h-col-md-auto h-col-auto style-704-outer style-local-466-c12-outer\">\n            <div data-colibri-id=\"466-c12\" class=\"d-flex h-flex-basis h-column__inner h-px-lg-2 h-px-md-2 h-px-2 v-inner-lg-2 v-inner-md-2 v-inner-2 style-704 style-local-466-c12 position-relative\">\n              <!---->\n              <!---->\n              <div class=\"w-100 h-y-container h-column__content h-column__v-align flex-basis-100 align-self-lg-start align-self-md-start align-self-start\">\n                <!---->\n                <div data-colibri-id=\"466-c13\" class=\"d-block style-708 style-local-466-c13 position-relative h-element\">\n                  <!---->\n                  <div class=\"h-image__frame-container-outer\">\n                    <a href=\"https:\/\/macpherson.es\/web\/bureau-veritas\/\" h-use-smooth-scroll=\"true\" class=\"image-link\">\n                      <div class=\"h-image__frame-container\">\n                        <!---->\n                        <!---->\n                        <img fetchpriority=\"high\" decoding=\"async\" width=\"348\" height=\"220\" src=\"https:\/\/macpherson.es\/web\/wp-content\/uploads\/2022\/09\/bureau-fondo-cudrado.png\" class=\"wp-image-444 style-708-image style-local-466-c13-image\" alt=\"\" srcset=\"https:\/\/macpherson.es\/web\/wp-content\/uploads\/2022\/09\/bureau-fondo-cudrado.png 348w, https:\/\/macpherson.es\/web\/wp-content\/uploads\/2022\/09\/bureau-fondo-cudrado-300x190.png 300w\" sizes=\"(max-width: 348px) 100vw, 348px\" \/>\n                        <div class=\"h-image__frame h-hide-lg h-hide-md h-hide-sm style-708-frameImage style-local-466-c13-frameImage\"><\/div>\n                      <\/div>\n                    <\/a>\n                  <\/div>\n                <\/div>\n              <\/div>\n            <\/div>\n          <\/div>\n          <div class=\"h-column h-column-container d-flex h-col-lg-auto h-col-md-auto h-col-auto style-705-outer style-local-466-c14-outer\">\n            <div data-colibri-id=\"466-c14\" class=\"d-flex h-flex-basis h-column__inner h-px-lg-2 h-px-md-2 h-px-2 v-inner-lg-2 v-inner-md-2 v-inner-2 style-705 style-local-466-c14 position-relative\">\n              <!---->\n              <!---->\n              <div class=\"w-100 h-y-container h-column__content h-column__v-align flex-basis-100 align-self-lg-start align-self-md-start align-self-start\">\n                <!---->\n                <div data-colibri-id=\"466-c15\" class=\"d-block style-709 style-local-466-c15 position-relative h-element\">\n                  <!---->\n                  <div class=\"h-image__frame-container-outer\">\n                    <a href=\"https:\/\/macpherson.es\/web\/dnv\/\" h-use-smooth-scroll=\"true\" class=\"image-link\">\n                      <div class=\"h-image__frame-container\">\n                        <!---->\n                        <!---->\n                        <img decoding=\"async\" width=\"348\" height=\"220\" src=\"https:\/\/macpherson.es\/web\/wp-content\/uploads\/2022\/09\/dnv-fondo-cuadrado.png\" class=\"wp-image-438 style-709-image style-local-466-c15-image\" alt=\"\" srcset=\"https:\/\/macpherson.es\/web\/wp-content\/uploads\/2022\/09\/dnv-fondo-cuadrado.png 348w, https:\/\/macpherson.es\/web\/wp-content\/uploads\/2022\/09\/dnv-fondo-cuadrado-300x190.png 300w\" sizes=\"(max-width: 348px) 100vw, 348px\" \/>\n                        <div class=\"h-image__frame h-hide-lg h-hide-md h-hide-sm style-709-frameImage style-local-466-c15-frameImage\"><\/div>\n                      <\/div>\n                    <\/a>\n                  <\/div>\n                <\/div>\n              <\/div>\n            <\/div>\n          <\/div>\n          <div class=\"h-column h-column-container d-flex h-col-lg-auto h-col-md-auto h-col-auto style-706-outer style-local-466-c16-outer\">\n            <div data-colibri-id=\"466-c16\" class=\"d-flex h-flex-basis h-column__inner h-px-lg-2 h-px-md-2 h-px-2 v-inner-lg-2 v-inner-md-2 v-inner-2 style-706 style-local-466-c16 position-relative\">\n              <!---->\n              <!---->\n              <div class=\"w-100 h-y-container h-column__content h-column__v-align flex-basis-100 align-self-lg-start align-self-md-start align-self-start\">\n                <!---->\n                <div data-colibri-id=\"466-c17\" class=\"d-block style-710 style-local-466-c17 position-relative h-element\">\n                  <!---->\n                  <div class=\"h-image__frame-container-outer\">\n                    <a href=\"https:\/\/macpherson.es\/web\/lloyds-regiter\/\" h-use-smooth-scroll=\"true\" class=\"image-link\">\n                      <div class=\"h-image__frame-container\">\n                        <!---->\n                        <!---->\n                        <img decoding=\"async\" width=\"348\" height=\"220\" src=\"https:\/\/macpherson.es\/web\/wp-content\/uploads\/2022\/09\/lloyd-fondo-cuadrado-1.png\" class=\"wp-image-440 style-710-image style-local-466-c17-image\" alt=\"\" srcset=\"https:\/\/macpherson.es\/web\/wp-content\/uploads\/2022\/09\/lloyd-fondo-cuadrado-1.png 348w, https:\/\/macpherson.es\/web\/wp-content\/uploads\/2022\/09\/lloyd-fondo-cuadrado-1-300x190.png 300w\" sizes=\"(max-width: 348px) 100vw, 348px\" \/>\n                        <div class=\"h-image__frame h-hide-lg h-hide-md h-hide-sm style-710-frameImage style-local-466-c17-frameImage\"><\/div>\n                      <\/div>\n                    <\/a>\n                  <\/div>\n                <\/div>\n              <\/div>\n            <\/div>\n          <\/div>\n          <div class=\"h-column h-column-container d-flex h-col-lg-auto h-col-md-auto h-col-auto style-707-outer style-local-466-c18-outer\">\n            <div data-colibri-id=\"466-c18\" class=\"d-flex h-flex-basis h-column__inner h-px-lg-2 h-px-md-2 h-px-2 v-inner-lg-2 v-inner-md-2 v-inner-2 style-707 style-local-466-c18 position-relative\">\n              <!---->\n              <!---->\n              <div class=\"w-100 h-y-container h-column__content h-column__v-align flex-basis-100 align-self-lg-start align-self-md-start align-self-start\">\n                <!---->\n                <div data-colibri-id=\"466-c19\" class=\"d-block style-711 style-local-466-c19 position-relative h-element\">\n                  <!---->\n                  <div class=\"h-image__frame-container-outer\">\n                    <a href=\"https:\/\/macpherson.es\/web\/rina\/\" h-use-smooth-scroll=\"true\" class=\"image-link\">\n                      <div class=\"h-image__frame-container\">\n                        <!---->\n                        <!---->\n                        <img loading=\"lazy\" decoding=\"async\" width=\"348\" height=\"220\" src=\"https:\/\/macpherson.es\/web\/wp-content\/uploads\/2022\/09\/rina-fondo-cuadrado.png\" class=\"wp-image-443 style-711-image style-local-466-c19-image\" alt=\"\" srcset=\"https:\/\/macpherson.es\/web\/wp-content\/uploads\/2022\/09\/rina-fondo-cuadrado.png 348w, https:\/\/macpherson.es\/web\/wp-content\/uploads\/2022\/09\/rina-fondo-cuadrado-300x190.png 300w\" sizes=\"(max-width: 348px) 100vw, 348px\" \/>\n                        <div class=\"h-image__frame h-hide-lg h-hide-md h-hide-sm style-711-frameImage style-local-466-c19-frameImage\"><\/div>\n                      <\/div>\n                    <\/a>\n                  <\/div>\n                <\/div>\n              <\/div>\n            <\/div>\n          <\/div>\n          <div class=\"h-column h-column-container d-flex h-col-lg-auto h-col-md-auto h-col-auto style-1576-outer style-local-466-c20-outer\">\n            <div data-colibri-id=\"466-c20\" class=\"d-flex h-flex-basis h-column__inner h-px-lg-2 h-px-md-2 h-px-2 v-inner-lg-2 v-inner-md-2 v-inner-2 style-1576 style-local-466-c20 position-relative\">\n              <!---->\n              <!---->\n              <div class=\"w-100 h-y-container h-column__content h-column__v-align flex-basis-100 align-self-lg-start align-self-md-start align-self-start\">\n                <!---->\n                <div data-colibri-id=\"466-c21\" class=\"d-block style-1577 style-local-466-c21 position-relative h-element\">\n                  <!---->\n                  <div class=\"h-image__frame-container-outer\">\n                    <a href=\"https:\/\/macpherson.es\/web\/nk\/\" h-use-smooth-scroll=\"true\" class=\"image-link\">\n                      <div class=\"h-image__frame-container\">\n                        <!---->\n                        <!---->\n                        <img loading=\"lazy\" decoding=\"async\" width=\"834\" height=\"522\" src=\"https:\/\/macpherson.es\/web\/wp-content\/uploads\/2024\/02\/cropped-Logo_ClassNK_Web-1.jpg\" class=\"wp-image-2722 style-1577-image style-local-466-c21-image\" alt=\"\" srcset=\"https:\/\/macpherson.es\/web\/wp-content\/uploads\/2024\/02\/cropped-Logo_ClassNK_Web-1.jpg 834w, https:\/\/macpherson.es\/web\/wp-content\/uploads\/2024\/02\/cropped-Logo_ClassNK_Web-1-300x188.jpg 300w, https:\/\/macpherson.es\/web\/wp-content\/uploads\/2024\/02\/cropped-Logo_ClassNK_Web-1-768x481.jpg 768w, https:\/\/macpherson.es\/web\/wp-content\/uploads\/2024\/02\/cropped-Logo_ClassNK_Web-1-18x12.jpg 18w\" sizes=\"(max-width: 834px) 100vw, 834px\" \/>\n                        <div class=\"h-image__frame h-hide-lg h-hide-md h-hide-sm style-1577-frameImage style-local-466-c21-frameImage\"><\/div>\n                      <\/div>\n                    <\/a>\n                  <\/div>\n                <\/div>\n              <\/div>\n            <\/div>\n          <\/div>\n          <div class=\"h-column h-column-container d-flex h-col-lg-auto h-col-md-auto h-col-auto style-1621-outer style-local-466-c22-outer\">\n            <div data-colibri-id=\"466-c22\" class=\"d-flex h-flex-basis h-column__inner h-px-lg-2 h-px-md-2 h-px-2 v-inner-lg-2 v-inner-md-2 v-inner-2 style-1621 style-local-466-c22 position-relative\">\n              <!---->\n              <!---->\n              <div class=\"w-100 h-y-container h-column__content h-column__v-align flex-basis-100 align-self-lg-start align-self-md-start align-self-start\">\n                <!---->\n                <div data-colibri-id=\"466-c23\" class=\"d-block style-1622 style-local-466-c23 position-relative h-element\">\n                  <!---->\n                  <div class=\"h-image__frame-container-outer\">\n                    <a href=\"https:\/\/macpherson.es\/web\/abs\/\" h-use-smooth-scroll=\"true\" class=\"image-link\">\n                      <div class=\"h-image__frame-container\">\n                        <!---->\n                        <!---->\n                        <img loading=\"lazy\" decoding=\"async\" width=\"938\" height=\"594\" src=\"https:\/\/macpherson.es\/web\/wp-content\/uploads\/2024\/12\/nuevo-logo-ABS.png\" class=\"wp-image-3013 style-1622-image style-local-466-c23-image\" alt=\"\" srcset=\"https:\/\/macpherson.es\/web\/wp-content\/uploads\/2024\/12\/nuevo-logo-ABS.png 938w, https:\/\/macpherson.es\/web\/wp-content\/uploads\/2024\/12\/nuevo-logo-ABS-300x190.png 300w, https:\/\/macpherson.es\/web\/wp-content\/uploads\/2024\/12\/nuevo-logo-ABS-768x486.png 768w, https:\/\/macpherson.es\/web\/wp-content\/uploads\/2024\/12\/nuevo-logo-ABS-18x12.png 18w\" sizes=\"(max-width: 938px) 100vw, 938px\" \/>\n                        <div class=\"h-image__frame h-hide-lg h-hide-md h-hide-sm style-1622-frameImage style-local-466-c23-frameImage\"><\/div>\n                      <\/div>\n                    <\/a>\n                  <\/div>\n                <\/div>\n              <\/div>\n            <\/div>\n          <\/div>\n        <\/div>\n      <\/div>\n    <\/div>\n  <\/div>\n<\/div>","protected":false},"excerpt":{"rendered":"<p>Sociedades clasificadoras Macpherson Servicios Subacu\u00e1ticos cuenta con la aprobaci\u00f3n de varias sociedades clasificadoras. Nuestra determinaci\u00f3n, trabajo duro y excelencia a la hora de desempe\u00f1ar nuestros servicios nos han dotado de diversas certificaciones para poder darle a nuestros clientes lo mejor. A trav\u00e9s de la contrataci\u00f3n de nuestras Inspecciones clasificadas puedes obtener la certificaci\u00f3n deseada para [&hellip;]<\/p>\n","protected":false},"author":1,"featured_media":0,"parent":0,"menu_order":0,"comment_status":"closed","ping_status":"closed","template":"page-templates\/full-width-page.php","meta":{"footnotes":""},"class_list":["post-466","page","type-page","status-publish","hentry"],"_links":{"self":[{"href":"https:\/\/macpherson.es\/web\/wp-json\/wp\/v2\/pages\/466","targetHints":{"allow":["GET"]}}],"collection":[{"href":"https:\/\/macpherson.es\/web\/wp-json\/wp\/v2\/pages"}],"about":[{"href":"https:\/\/macpherson.es\/web\/wp-json\/wp\/v2\/types\/page"}],"author":[{"embeddable":true,"href":"https:\/\/macpherson.es\/web\/wp-json\/wp\/v2\/users\/1"}],"replies":[{"embeddable":true,"href":"https:\/\/macpherson.es\/web\/wp-json\/wp\/v2\/comments?post=466"}],"version-history":[{"count":19,"href":"https:\/\/macpherson.es\/web\/wp-json\/wp\/v2\/pages\/466\/revisions"}],"predecessor-version":[{"id":3057,"href":"https:\/\/macpherson.es\/web\/wp-json\/wp\/v2\/pages\/466\/revisions\/3057"}],"wp:attachment":[{"href":"https:\/\/macpherson.es\/web\/wp-json\/wp\/v2\/media?parent=466"}],"curies":[{"name":"wp","href":"https:\/\/api.w.org\/{rel}","templated":true}]}}