{"id":585,"date":"2022-09-23T09:00:56","date_gmt":"2022-09-23T08:00:56","guid":{"rendered":"https:\/\/macpherson.es\/web\/solicitud-oferta\/"},"modified":"2022-10-24T08:54:11","modified_gmt":"2022-10-24T07:54:11","slug":"solicitud-oferta","status":"publish","type":"page","link":"https:\/\/macpherson.es\/web\/solicitud-oferta\/","title":{"rendered":"Solicitud oferta"},"content":{"rendered":"<div data-colibri-id=\"585-c1\" class=\"style-615 style-local-585-c1 position-relative\">\n  <!---->\n  <div data-colibri-component=\"section\" data-colibri-id=\"585-c2\" id=\"custom\" class=\"h-section h-section-global-spacing d-flex align-items-lg-center align-items-md-center align-items-center style-616 style-local-585-c2 position-relative\">\n    <!---->\n    <!---->\n    <div class=\"h-section-grid-container h-section-boxed-container\">\n      <!---->\n      <div data-colibri-id=\"585-c3\" class=\"h-row-container gutters-row-lg-2 gutters-row-md-2 gutters-row-0 gutters-row-v-lg-2 gutters-row-v-md-2 gutters-row-v-2 style-617 style-local-585-c3 position-relative\">\n        <!---->\n        <div class=\"h-row justify-content-lg-center justify-content-md-center justify-content-center align-items-lg-stretch align-items-md-stretch align-items-stretch gutters-col-lg-2 gutters-col-md-2 gutters-col-0 gutters-col-v-lg-2 gutters-col-v-md-2 gutters-col-v-2\">\n          <!---->\n          <div class=\"h-column h-column-container d-flex h-col-lg-auto h-col-md-auto h-col-auto style-618-outer style-local-585-c4-outer\">\n            <div data-colibri-id=\"585-c4\" class=\"d-flex h-flex-basis h-column__inner h-px-lg-2 h-px-md-2 h-px-2 v-inner-lg-2 v-inner-md-2 v-inner-2 style-618 style-local-585-c4 position-relative\">\n              <!---->\n              <!---->\n              <div class=\"w-100 h-y-container h-column__content h-column__v-align flex-basis-100 align-self-lg-start align-self-md-start align-self-start\">\n                <!---->\n                <div data-colibri-id=\"585-c5\" class=\"h-global-transition-all h-heading style-619 style-local-585-c5 position-relative h-element\">\n                  <!---->\n                  <div class=\"h-heading__outer style-619 style-local-585-c5\">\n                    <!---->\n                    <!---->\n                    <h2 class=\"\">Solicitud oferta de cotizaci\u00f3n<\/h2>\n                  <\/div>\n                <\/div>\n                <div data-colibri-id=\"585-c6\" class=\"h-divider style-1400 style-local-585-c6 position-relative h-element\">\n                  <!----><span class=\"h-divider__line style-1400-line style-local-585-c6-line style-1400-line style-local-585-c6-line\"><\/span><\/div>\n              <\/div>\n            <\/div>\n          <\/div>\n        <\/div>\n      <\/div>\n      <div data-colibri-id=\"585-c7\" class=\"h-row-container gutters-row-lg-2 gutters-row-md-2 gutters-row-0 gutters-row-v-lg-2 gutters-row-v-md-2 gutters-row-v-2 style-1401 style-local-585-c7 position-relative\">\n        <!---->\n        <div class=\"h-row justify-content-lg-center justify-content-md-center justify-content-center align-items-lg-stretch align-items-md-stretch align-items-stretch gutters-col-lg-2 gutters-col-md-2 gutters-col-0 gutters-col-v-lg-2 gutters-col-v-md-2 gutters-col-v-2\">\n          <!---->\n          <div class=\"h-column h-column-container d-flex h-col-lg-auto h-col-md-auto h-col-auto style-1402-outer style-local-585-c8-outer\">\n            <div data-colibri-id=\"585-c8\" class=\"d-flex h-flex-basis h-column__inner h-px-lg-2 h-px-md-2 h-px-2 v-inner-lg-2 v-inner-md-2 v-inner-2 style-1402 style-local-585-c8 position-relative\">\n              <!---->\n              <!---->\n              <div class=\"w-100 h-y-container h-column__content h-column__v-align flex-basis-100 align-self-lg-start align-self-md-start align-self-start\">\n                <!---->\n                <div data-colibri-component=\"content-swap\" data-colibri-id=\"585-c9\" class=\"content-swap style-1407 style-local-585-c9 position-relative h-element\">\n                  <!---->\n                  <div class=\"d-flex position-relative border-radius-inherit h-content-swap__overflow\">\n                    <div data-normal=\"\" data-colibri-id=\"585-c10\" class=\"h-content-swap__normal d-flex border-radius-inherit h-ui-empty-state-container hide-animation style-1408 style-local-585-c10 position-relative\">\n                      <!---->\n                      <div class=\"w-100 h-y-container\">\n                        <!---->\n                      <\/div>\n                    <\/div>\n                    <div data-hover=\"\" data-colibri-component=\"link\" data-href=\"https:\/\/macpherson.es\/web\/servicios\/\" data-colibri-id=\"585-c11\" class=\"h-content-swap-hover-container animated h-content-swap__hover d-flex border-radius-inherit fadeIn justify-content-lg-center justify-content-md-center justify-content-center h-content-swap-hover-container--with-link style-1411 style-local-585-c11 position-relative\"\n                      style=\"display: none;\">\n                      <!---->\n                      <div class=\"w-100 h-y-container align-self-lg-center align-self-md-center align-self-center\">\n                        <!---->\n                        <div data-colibri-id=\"585-c12\" class=\"h-x-container style-1412 style-local-585-c12 position-relative h-element\">\n                          <!---->\n                          <div class=\"h-x-container-inner style-dynamic-585-c12-group style-1412-spacing style-local-585-c12-spacing\"><span class=\"h-button__outer style-1413-outer style-local-585-c13-outer d-inline-flex h-element\"><a h-use-smooth-scroll=\"true\" href=\"https:\/\/macpherson.es\/web\/servicios\/\"  data-colibri-id=\"585-c13\" class=\"d-flex w-100 align-items-center h-button justify-content-lg-center justify-content-md-center justify-content-center style-1413 style-local-585-c13 position-relative\"><!----><!----> <span>Nuestros Servicios<\/span><\/a>\n                            <\/span>\n                          <\/div>\n                        <\/div>\n                      <\/div>\n                    <\/div>\n                  <\/div>\n                <\/div>\n                <div data-colibri-id=\"585-c14\" class=\"h-global-transition-all h-heading style-1455 style-local-585-c14 position-relative h-element\">\n                  <!---->\n                  <div class=\"h-heading__outer style-1455 style-local-585-c14\">\n                    <!---->\n                    <!---->\n                    <a href=\"https:\/\/macpherson.es\/web\/servicios\/\" h-use-smooth-scroll=\"true\">\n                      <h3 class=\"\">Nuestros servicios<\/h3>\n                    <\/a>\n                  <\/div>\n                <\/div>\n                <div data-colibri-id=\"585-c15\" class=\"h-divider style-1459 style-local-585-c15 position-relative h-element\">\n                  <!----><span class=\"h-divider__line style-1459-line style-local-585-c15-line style-1459-line style-local-585-c15-line\"><\/span><\/div>\n              <\/div>\n            <\/div>\n          <\/div>\n          <div class=\"h-column h-column-container d-flex h-col-lg-auto h-col-md-auto h-col-auto style-1404-outer style-local-585-c16-outer\">\n            <div data-colibri-id=\"585-c16\" class=\"d-flex h-flex-basis h-column__inner h-px-lg-2 h-px-md-2 h-px-2 v-inner-lg-2 v-inner-md-2 v-inner-2 style-1404 style-local-585-c16 position-relative\">\n              <!---->\n              <!---->\n              <div class=\"w-100 h-y-container h-column__content h-column__v-align flex-basis-100 align-self-lg-start align-self-md-start align-self-start\">\n                <!---->\n                <div data-colibri-component=\"content-swap\" data-colibri-id=\"585-c17\" class=\"content-swap style-1414 style-local-585-c17 position-relative h-element\">\n                  <!---->\n                  <div class=\"d-flex position-relative border-radius-inherit h-content-swap__overflow\">\n                    <div data-normal=\"\" data-colibri-id=\"585-c18\" class=\"h-content-swap__normal d-flex border-radius-inherit h-ui-empty-state-container hide-animation style-1415 style-local-585-c18 position-relative\">\n                      <!---->\n                      <div class=\"w-100 h-y-container\">\n                        <!---->\n                      <\/div>\n                    <\/div>\n                    <div data-hover=\"\" data-colibri-component=\"link\" data-href=\"https:\/\/macpherson.es\/web\/buques\/\" data-colibri-id=\"585-c19\" class=\"h-content-swap-hover-container animated h-content-swap__hover d-flex border-radius-inherit fadeIn justify-content-lg-center justify-content-md-center justify-content-center h-content-swap-hover-container--with-link style-1418 style-local-585-c19 position-relative\"\n                      style=\"display: none;\">\n                      <!---->\n                      <div class=\"w-100 h-y-container align-self-lg-center align-self-md-center align-self-center\">\n                        <!---->\n                        <div data-colibri-id=\"585-c20\" class=\"h-x-container style-1419 style-local-585-c20 position-relative h-element\">\n                          <!---->\n                          <div class=\"h-x-container-inner style-dynamic-585-c20-group style-1419-spacing style-local-585-c20-spacing\"><span class=\"h-button__outer style-1420-outer style-local-585-c21-outer d-inline-flex h-element\"><a h-use-smooth-scroll=\"true\" href=\"https:\/\/macpherson.es\/web\/buques\/\"  data-colibri-id=\"585-c21\" class=\"d-flex w-100 align-items-center h-button justify-content-lg-center justify-content-md-center justify-content-center style-1420 style-local-585-c21 position-relative\"><!----><!----> <span>solicitar cotizaci\u00f3n<\/span><\/a>\n                            <\/span>\n                          <\/div>\n                        <\/div>\n                      <\/div>\n                    <\/div>\n                  <\/div>\n                <\/div>\n                <div data-colibri-id=\"585-c22\" class=\"h-global-transition-all h-heading style-1456 style-local-585-c22 position-relative h-element\">\n                  <!---->\n                  <div class=\"h-heading__outer style-1456 style-local-585-c22\">\n                    <!---->\n                    <!---->\n                    <a href=\"https:\/\/macpherson.es\/web\/buques\/\" h-use-smooth-scroll=\"true\">\n                      <h3 class=\"\">Cotizaci\u00f3n buques<\/h3>\n                    <\/a>\n                  <\/div>\n                <\/div>\n                <div data-colibri-id=\"585-c23\" class=\"h-divider style-1461 style-local-585-c23 position-relative h-element\">\n                  <!----><span class=\"h-divider__line style-1461-line style-local-585-c23-line style-1461-line style-local-585-c23-line\"><\/span><\/div>\n              <\/div>\n            <\/div>\n          <\/div>\n          <div class=\"h-column h-column-container d-flex h-col-lg-auto h-col-md-auto h-col-auto style-1405-outer style-local-585-c24-outer\">\n            <div data-colibri-id=\"585-c24\" class=\"d-flex h-flex-basis h-column__inner h-px-lg-2 h-px-md-2 h-px-2 v-inner-lg-2 v-inner-md-2 v-inner-2 style-1405 style-local-585-c24 position-relative\">\n              <!---->\n              <!---->\n              <div class=\"w-100 h-y-container h-column__content h-column__v-align flex-basis-100 align-self-lg-start align-self-md-start align-self-start\">\n                <!---->\n                <div data-colibri-component=\"content-swap\" data-colibri-id=\"585-c25\" class=\"content-swap style-1421 style-local-585-c25 position-relative h-element\">\n                  <!---->\n                  <div class=\"d-flex position-relative border-radius-inherit h-content-swap__overflow\">\n                    <div data-normal=\"\" data-colibri-id=\"585-c26\" class=\"h-content-swap__normal d-flex border-radius-inherit h-ui-empty-state-container hide-animation style-1422 style-local-585-c26 position-relative\">\n                      <!---->\n                      <div class=\"w-100 h-y-container\">\n                        <!---->\n                      <\/div>\n                    <\/div>\n                    <div data-hover=\"\" data-colibri-component=\"link\" data-href=\"https:\/\/macpherson.es\/web\/otros-servicios\/\" data-colibri-id=\"585-c27\" class=\"h-content-swap-hover-container animated h-content-swap__hover d-flex border-radius-inherit fadeIn justify-content-lg-center justify-content-md-center justify-content-center h-content-swap-hover-container--with-link style-1425 style-local-585-c27 position-relative\"\n                      style=\"display: none;\">\n                      <!---->\n                      <div class=\"w-100 h-y-container align-self-lg-center align-self-md-center align-self-center\">\n                        <!---->\n                        <div data-colibri-id=\"585-c28\" class=\"h-x-container style-1426 style-local-585-c28 position-relative h-element\">\n                          <!---->\n                          <div class=\"h-x-container-inner style-dynamic-585-c28-group style-1426-spacing style-local-585-c28-spacing\"><span class=\"h-button__outer style-1427-outer style-local-585-c29-outer d-inline-flex h-element\"><a h-use-smooth-scroll=\"true\" href=\"\"  data-colibri-id=\"585-c29\" class=\"d-flex w-100 align-items-center h-button justify-content-lg-center justify-content-md-center justify-content-center style-1427 style-local-585-c29 position-relative\"><!----><!----> <span>solicitar cotizaci\u00f3n<\/span><\/a>\n                            <\/span>\n                          <\/div>\n                        <\/div>\n                      <\/div>\n                    <\/div>\n                  <\/div>\n                <\/div>\n                <div data-colibri-id=\"585-c30\" class=\"h-global-transition-all h-heading style-1457 style-local-585-c30 position-relative h-element\">\n                  <!---->\n                  <div class=\"h-heading__outer style-1457 style-local-585-c30\">\n                    <!---->\n                    <!---->\n                    <a href=\"https:\/\/macpherson.es\/web\/otros-servicios\/\" h-use-smooth-scroll=\"true\">\n                      <h3 class=\"\">Cotizaci\u00f3n otros<\/h3>\n                    <\/a>\n                  <\/div>\n                <\/div>\n                <div data-colibri-id=\"585-c31\" class=\"h-divider style-1463 style-local-585-c31 position-relative h-element\">\n                  <!----><span class=\"h-divider__line style-1463-line style-local-585-c31-line style-1463-line style-local-585-c31-line\"><\/span><\/div>\n              <\/div>\n            <\/div>\n          <\/div>\n        <\/div>\n      <\/div>\n    <\/div>\n  <\/div>\n<\/div>","protected":false},"excerpt":{"rendered":"<p>Solicitud oferta de cotizaci\u00f3n Nuestros Servicios Nuestros servicios solicitar cotizaci\u00f3n Cotizaci\u00f3n buques solicitar cotizaci\u00f3n Cotizaci\u00f3n otros<\/p>\n","protected":false},"author":1,"featured_media":0,"parent":0,"menu_order":0,"comment_status":"closed","ping_status":"closed","template":"page-templates\/full-width-page.php","meta":{"footnotes":""},"class_list":["post-585","page","type-page","status-publish","hentry"],"_links":{"self":[{"href":"https:\/\/macpherson.es\/web\/wp-json\/wp\/v2\/pages\/585","targetHints":{"allow":["GET"]}}],"collection":[{"href":"https:\/\/macpherson.es\/web\/wp-json\/wp\/v2\/pages"}],"about":[{"href":"https:\/\/macpherson.es\/web\/wp-json\/wp\/v2\/types\/page"}],"author":[{"embeddable":true,"href":"https:\/\/macpherson.es\/web\/wp-json\/wp\/v2\/users\/1"}],"replies":[{"embeddable":true,"href":"https:\/\/macpherson.es\/web\/wp-json\/wp\/v2\/comments?post=585"}],"version-history":[{"count":10,"href":"https:\/\/macpherson.es\/web\/wp-json\/wp\/v2\/pages\/585\/revisions"}],"predecessor-version":[{"id":2482,"href":"https:\/\/macpherson.es\/web\/wp-json\/wp\/v2\/pages\/585\/revisions\/2482"}],"wp:attachment":[{"href":"https:\/\/macpherson.es\/web\/wp-json\/wp\/v2\/media?parent=585"}],"curies":[{"name":"wp","href":"https:\/\/api.w.org\/{rel}","templated":true}]}}