{"id":97,"date":"2022-09-19T13:04:12","date_gmt":"2022-09-19T13:04:12","guid":{"rendered":"https:\/\/macpherson.es\/web\/?page_id=97"},"modified":"2025-03-28T17:08:04","modified_gmt":"2025-03-28T16:08:04","slug":"contacto","status":"publish","type":"page","link":"https:\/\/macpherson.es\/web\/contacto\/","title":{"rendered":"Contacto"},"content":{"rendered":"<div class=\"style-374 style-local-97-c1 position-relative\" data-colibri-id=\"97-c1\">\n<div id=\"custom\" class=\"h-section h-section-global-spacing d-flex align-items-lg-center align-items-md-center align-items-center style-418 style-local-97-c2 position-relative\" data-colibri-component=\"section\" data-colibri-id=\"97-c2\">\n<div class=\"h-section-grid-container h-section-boxed-container\">\n<div class=\"h-row-container gutters-row-lg-2 gutters-row-md-2 gutters-row-0 gutters-row-v-lg-2 gutters-row-v-md-2 gutters-row-v-2 style-419 style-local-97-c3 position-relative\" data-colibri-id=\"97-c3\">\n<div class=\"h-row justify-content-lg-center justify-content-md-center justify-content-center align-items-lg-stretch align-items-md-stretch align-items-stretch gutters-col-lg-2 gutters-col-md-2 gutters-col-0 gutters-col-v-lg-2 gutters-col-v-md-2 gutters-col-v-2\">\n<div class=\"h-column h-column-container d-flex h-col-lg-auto h-col-md-auto h-col-auto style-420-outer style-local-97-c4-outer\">\n<div class=\"d-flex h-flex-basis h-column__inner h-px-lg-2 h-px-md-2 h-px-2 v-inner-lg-2 v-inner-md-2 v-inner-2 style-420 style-local-97-c4 position-relative\" data-colibri-id=\"97-c4\">\n<div class=\"w-100 h-y-container h-column__content h-column__v-align flex-basis-100 align-self-lg-start align-self-md-start align-self-start\">\n<div class=\"h-global-transition-all h-heading style-1396 style-local-97-c5 position-relative h-element\" data-colibri-id=\"97-c5\">\n<div class=\"h-heading__outer style-1396 style-local-97-c5\">\n<h2 class=\"\">Contacto<\/h2>\n<\/div>\n<\/div>\n<div class=\"h-divider style-1398 style-local-97-c6 position-relative h-element\" data-colibri-id=\"97-c6\"><\/div>\n<\/div>\n<\/div>\n<\/div>\n<\/div>\n<\/div>\n<\/div>\n<\/div>\n<div id=\"custom-2\" class=\"h-section h-section-global-spacing d-flex align-items-lg-center align-items-md-center align-items-center style-422 style-local-97-c7 position-relative\" data-colibri-component=\"section\" data-colibri-id=\"97-c7\">\n<div class=\"h-section-grid-container h-section-boxed-container\">\n<div class=\"h-row-container gutters-row-lg-2 gutters-row-md-2 gutters-row-0 gutters-row-v-lg-2 gutters-row-v-md-2 gutters-row-v-2 style-423 style-local-97-c8 position-relative\" data-colibri-id=\"97-c8\">\n<div class=\"h-row justify-content-lg-center justify-content-md-center justify-content-center align-items-lg-stretch align-items-md-stretch align-items-stretch gutters-col-lg-2 gutters-col-md-2 gutters-col-0 gutters-col-v-lg-2 gutters-col-v-md-2 gutters-col-v-2\">\n<div class=\"h-column h-column-container d-flex h-col-lg-auto h-col-md-auto h-col-auto style-424-outer style-local-97-c9-outer\">\n<div class=\"d-flex h-flex-basis h-column__inner h-px-lg-2 h-px-md-2 h-px-2 v-inner-lg-2 v-inner-md-2 v-inner-2 style-424 style-local-97-c9 position-relative\" data-colibri-id=\"97-c9\">\n<div class=\"w-100 h-y-container h-column__content h-column__v-align flex-basis-100 align-self-lg-start align-self-md-start align-self-start\">\n<div class=\"h-global-transition-all h-heading style-684 style-local-97-c10 position-relative h-element\" data-colibri-id=\"97-c10\">\n<div class=\"h-heading__outer style-684 style-local-97-c10\">\n<h5 class=\"\">Datos de contacto<\/h5>\n<\/div>\n<\/div>\n<div class=\"d-block style-727 style-local-97-c11 position-relative h-element\" data-colibri-id=\"97-c11\">\n<div class=\"h-image__frame-container-outer\">\n<div class=\"h-image__frame-container\">\n\n<img fetchpriority=\"high\" decoding=\"async\" width=\"1523\" height=\"741\" class=\"wp-image-849 style-727-image style-local-97-c11-image\" src=\"https:\/\/macpherson.es\/web\/wp-content\/uploads\/2022\/09\/WhatsApp-Image-2022-09-23-at-16.35.19.jpeg\" alt=\"\" srcset=\"https:\/\/macpherson.es\/web\/wp-content\/uploads\/2022\/09\/WhatsApp-Image-2022-09-23-at-16.35.19.jpeg 1523w, https:\/\/macpherson.es\/web\/wp-content\/uploads\/2022\/09\/WhatsApp-Image-2022-09-23-at-16.35.19-300x146.jpeg 300w, https:\/\/macpherson.es\/web\/wp-content\/uploads\/2022\/09\/WhatsApp-Image-2022-09-23-at-16.35.19-1024x498.jpeg 1024w, https:\/\/macpherson.es\/web\/wp-content\/uploads\/2022\/09\/WhatsApp-Image-2022-09-23-at-16.35.19-768x374.jpeg 768w\" sizes=\"(max-width: 1523px) 100vw, 1523px\" \/>\n<div class=\"h-image__frame h-hide-lg h-hide-md h-hide-sm style-727-frameImage style-local-97-c11-frameImage\"><\/div>\n<\/div>\n<\/div>\n<\/div>\n<div class=\"h-row-container gutters-row-lg-0 gutters-row-md-0 gutters-row-0 gutters-row-v-lg-0 gutters-row-v-md-0 gutters-row-v-0 style-752 style-local-97-c12 position-relative\" data-colibri-id=\"97-c12\">\n<div class=\"h-row justify-content-lg-center justify-content-md-center justify-content-center align-items-lg-stretch align-items-md-stretch align-items-stretch gutters-col-lg-0 gutters-col-md-0 gutters-col-0 gutters-col-v-lg-0 gutters-col-v-md-0 gutters-col-v-0\">\n<div class=\"h-column h-column-container d-flex h-col-lg-auto h-col-md-auto h-col-auto style-753-outer style-local-97-c13-outer\">\n<div class=\"d-flex h-flex-basis h-column__inner h-px-lg-1 h-px-md-1 h-px-1 v-inner-lg-1 v-inner-md-1 v-inner-1 style-753 style-local-97-c13 position-relative\" data-colibri-id=\"97-c13\">\n<div class=\"w-100 h-y-container h-column__content h-column__v-align flex-basis-100 align-self-lg-start align-self-md-start align-self-start\">\n<div class=\"h-icon style-756 style-local-97-c14 position-relative h-element\" data-colibri-id=\"97-c14\">\n<a href=\"https:\/\/www.google.es\/maps\/place\/C.+Seder%C3%ADa,+30,+11500+El+Puerto+de+Sta+Mar%C3%ADa,+C%C3%A1diz\/@36.6165934,-6.2055769,17z\/data=!3m1!4b1!4m5!3m4!1s0xd0dcf8660c8ea03:0xa3a090b9b6f27550!8m2!3d36.6165891!4d-6.2033882\"><span class=\"h-svg-icon h-icon__icon style-756-icon style-local-97-c14-icon\"><!--Icon by Font Awesome (https:\/\/fontawesome.com)-->\n<\/span><\/a><\/div>\n<\/div>\n<\/div>\n<\/div>\n<div class=\"h-column h-column-container d-flex h-col-lg-auto h-col-md-auto h-col-auto style-754-outer style-local-97-c15-outer\">\n<div class=\"d-flex h-flex-basis h-column__inner h-px-lg-1 h-px-md-1 h-px-1 v-inner-lg-1 v-inner-md-1 v-inner-1 style-754 style-local-97-c15 position-relative\" data-colibri-id=\"97-c15\">\n<div class=\"w-100 h-y-container h-column__content h-column__v-align flex-basis-100 align-self-lg-start align-self-md-start align-self-start\">\n<div class=\"h-global-transition-all h-heading style-757 style-local-97-c16 position-relative h-element\" data-colibri-id=\"97-c16\">\n<div class=\"h-heading__outer style-757 style-local-97-c16\">\n<h5 class=\"\">C\/ Seder\u00eda 30.6 Pol. Ind. El Palmar, 11500 El Puerto de Santa Mar\u00eda, C\u00e1diz, Espa\u00f1a.<\/h5>\n<\/div>\n<\/div>\n<\/div>\n<\/div>\n<\/div>\n<\/div>\n<\/div>\n<div class=\"h-row-container gutters-row-lg-0 gutters-row-md-0 gutters-row-0 gutters-row-v-lg-0 gutters-row-v-md-0 gutters-row-v-0 style-758 style-local-97-c17 position-relative\" data-colibri-id=\"97-c17\">\n<div class=\"h-row justify-content-lg-center justify-content-md-center justify-content-center align-items-lg-stretch align-items-md-stretch align-items-stretch gutters-col-lg-0 gutters-col-md-0 gutters-col-0 gutters-col-v-lg-0 gutters-col-v-md-0 gutters-col-v-0\">\n<div class=\"h-column h-column-container d-flex h-col-lg-auto h-col-md-auto h-col-auto style-759-outer style-local-97-c18-outer\">\n<div class=\"d-flex h-flex-basis h-column__inner h-px-lg-0 h-px-md-0 h-px-0 v-inner-lg-0 v-inner-md-0 v-inner-0 style-759 style-local-97-c18 position-relative\" data-colibri-id=\"97-c18\">\n<div class=\"w-100 h-y-container h-column__content h-column__v-align flex-basis-100 align-self-lg-start align-self-md-start align-self-start\">\n<div class=\"h-icon style-762 style-local-97-c19 position-relative h-element\" data-colibri-id=\"97-c19\"><span class=\"h-svg-icon h-icon__icon style-762-icon style-local-97-c19-icon\"><!--Icon by Font Awesome (https:\/\/fontawesome.com)-->\n<\/span><\/div>\n<\/div>\n<\/div>\n<\/div>\n<div class=\"h-column h-column-container d-flex h-col-lg-auto h-col-md-auto h-col-auto style-760-outer style-local-97-c20-outer\">\n<div class=\"d-flex h-flex-basis h-column__inner h-px-lg-0 h-px-md-0 h-px-0 v-inner-lg-0 v-inner-md-0 v-inner-0 style-760 style-local-97-c20 position-relative\" data-colibri-id=\"97-c20\">\n<div class=\"w-100 h-y-container h-column__content h-column__v-align flex-basis-100 align-self-lg-start align-self-md-start align-self-start\">\n<div class=\"h-global-transition-all h-heading style-763 style-local-97-c21 position-relative h-element\" data-colibri-id=\"97-c21\">\n<div class=\"h-heading__outer style-763 style-local-97-c21\">\n<h5 class=\"\">+34 956 540 539<\/h5>\n<\/div>\n<\/div>\n<\/div>\n<\/div>\n<\/div>\n<\/div>\n<\/div>\n<div class=\"h-row-container gutters-row-lg-0 gutters-row-md-0 gutters-row-0 gutters-row-v-lg-0 gutters-row-v-md-0 gutters-row-v-0 style-783 style-local-97-c22 position-relative\" data-colibri-id=\"97-c22\">\n<div class=\"h-row justify-content-lg-center justify-content-md-center justify-content-center align-items-lg-stretch align-items-md-stretch align-items-stretch gutters-col-lg-0 gutters-col-md-0 gutters-col-0 gutters-col-v-lg-0 gutters-col-v-md-0 gutters-col-v-0\">\n<div class=\"h-column h-column-container d-flex h-col-lg-auto h-col-md-auto h-col-auto style-784-outer style-local-97-c23-outer\">\n<div class=\"d-flex h-flex-basis h-column__inner h-px-lg-0 h-px-md-0 h-px-0 v-inner-lg-0 v-inner-md-0 v-inner-0 style-784 style-local-97-c23 position-relative\" data-colibri-id=\"97-c23\">\n<div class=\"w-100 h-y-container h-column__content h-column__v-align flex-basis-100 align-self-lg-start align-self-md-start align-self-start\">\n<div class=\"h-icon style-787 style-local-97-c24 position-relative h-element\" data-colibri-id=\"97-c24\"><span class=\"h-svg-icon h-icon__icon style-787-icon style-local-97-c24-icon\"><!--Icon by Font Awesome (https:\/\/fontawesome.com)-->\n<\/span><\/div>\n<\/div>\n<\/div>\n<\/div>\n<div class=\"h-column h-column-container d-flex h-col-lg-auto h-col-md-auto h-col-auto style-785-outer style-local-97-c25-outer\">\n<div class=\"d-flex h-flex-basis h-column__inner h-px-lg-0 h-px-md-0 h-px-0 v-inner-lg-0 v-inner-md-0 v-inner-0 style-785 style-local-97-c25 position-relative\" data-colibri-id=\"97-c25\">\n<div class=\"w-100 h-y-container h-column__content h-column__v-align flex-basis-100 align-self-lg-start align-self-md-start align-self-start\">\n<div class=\"h-global-transition-all h-heading style-788 style-local-97-c26 position-relative h-element\" data-colibri-id=\"97-c26\">\n<div class=\"h-heading__outer style-788 style-local-97-c26\">\n<h5 class=\"\">+34 692 677 888<\/h5>\n<\/div>\n<\/div>\n<\/div>\n<\/div>\n<\/div>\n<\/div>\n<\/div>\n<div class=\"h-row-container gutters-row-lg-0 gutters-row-md-0 gutters-row-0 gutters-row-v-lg-0 gutters-row-v-md-0 gutters-row-v-0 style-767 style-local-97-c27 position-relative\" data-colibri-id=\"97-c27\">\n<div class=\"h-row justify-content-lg-center justify-content-md-center justify-content-center align-items-lg-stretch align-items-md-stretch align-items-stretch gutters-col-lg-0 gutters-col-md-0 gutters-col-0 gutters-col-v-lg-0 gutters-col-v-md-0 gutters-col-v-0\">\n<div class=\"h-column h-column-container d-flex h-col-lg-auto h-col-md-auto h-col-auto style-768-outer style-local-97-c28-outer\">\n<div class=\"d-flex h-flex-basis h-column__inner h-px-lg-2 h-px-md-2 h-px-2 v-inner-lg-2 v-inner-md-2 v-inner-2 style-768 style-local-97-c28 position-relative\" data-colibri-id=\"97-c28\">\n<div class=\"w-100 h-y-container h-column__content h-column__v-align flex-basis-100 align-self-lg-start align-self-md-start align-self-start\">\n<div class=\"h-icon style-774 style-local-97-c29 position-relative h-element\" data-colibri-id=\"97-c29\">administracion@macpherson.es\n<a href=\"https:\/\/www.linkedin.com\/company\/macpherson-servicios-subacuaticos\"><span class=\"h-svg-icon h-icon__icon style-774-icon style-local-97-c29-icon\"><!--Icon by Font Awesome (https:\/\/fontawesome.com)-->\n<\/span><\/a><\/div>\n<\/div>\n<\/div>\n<\/div>\n<div class=\"h-column h-column-container d-flex h-col-lg-auto h-col-md-auto h-col-auto style-769-outer style-local-97-c30-outer\">\n<div class=\"d-flex h-flex-basis h-column__inner h-px-lg-2 h-px-md-2 h-px-2 v-inner-lg-2 v-inner-md-2 v-inner-2 style-769 style-local-97-c30 position-relative\" data-colibri-id=\"97-c30\">\n<div class=\"w-100 h-y-container h-column__content h-column__v-align flex-basis-100 align-self-lg-start align-self-md-start align-self-start\">\n<div class=\"h-icon style-776 style-local-97-c31 position-relative h-element\" data-colibri-id=\"97-c31\">\n<a href=\"https:\/\/www.instagram.com\/macpherson_underwater\/?utm_medium=copy_link\"><span class=\"h-svg-icon h-icon__icon style-776-icon style-local-97-c31-icon\"><!--Icon by Font Awesome (https:\/\/fontawesome.com)-->\n<\/span><\/a><\/div>\n<\/div>\n<\/div>\n<\/div>\n<div class=\"h-column h-column-container d-flex h-col-lg-auto h-col-md-auto h-col-auto style-770-outer style-local-97-c32-outer\">\n<div class=\"d-flex h-flex-basis h-column__inner h-px-lg-2 h-px-md-2 h-px-2 v-inner-lg-2 v-inner-md-2 v-inner-2 style-770 style-local-97-c32 position-relative\" data-colibri-id=\"97-c32\">\n<div class=\"w-100 h-y-container h-column__content h-column__v-align flex-basis-100 align-self-lg-start align-self-md-start align-self-start\">\n<div class=\"h-icon style-778 style-local-97-c33 position-relative h-element\" data-colibri-id=\"97-c33\">\n<a href=\"https:\/\/www.facebook.com\/Macpherson.SS\"><span class=\"h-svg-icon h-icon__icon style-778-icon style-local-97-c33-icon\"><!--Icon by Font Awesome (https:\/\/fontawesome.com)-->\n<\/span><\/a><\/div>\n<\/div>\n<\/div>\n<\/div>\n<div class=\"h-column h-column-container d-flex h-col-lg-auto h-col-md-auto h-col-auto style-771-outer style-local-97-c34-outer\">\n<div class=\"d-flex h-flex-basis h-column__inner h-px-lg-2 h-px-md-2 h-px-2 v-inner-lg-2 v-inner-md-2 v-inner-2 style-771 style-local-97-c34 position-relative\" data-colibri-id=\"97-c34\">\n<div class=\"w-100 h-y-container h-column__content h-column__v-align flex-basis-100 align-self-lg-start align-self-md-start align-self-start\">\n<div class=\"h-icon style-780 style-local-97-c35 position-relative h-element\" data-colibri-id=\"97-c35\">\n<a href=\"https:\/\/twitter.com\/MacphersonUS\"><span class=\"h-svg-icon h-icon__icon style-780-icon style-local-97-c35-icon\"><!--Icon by Font Awesome (https:\/\/fontawesome.com)-->\n<\/span><\/a><\/div>\n<\/div>\n<\/div>\n<\/div>\n<div class=\"h-column h-column-container d-flex h-col-lg-auto h-col-md-auto h-col-auto style-772-outer style-local-97-c36-outer\">\n<div class=\"d-flex h-flex-basis h-column__inner h-px-lg-2 h-px-md-2 h-px-2 v-inner-lg-2 v-inner-md-2 v-inner-2 style-772 style-local-97-c36 position-relative\" data-colibri-id=\"97-c36\">\n<div class=\"w-100 h-y-container h-column__content h-column__v-align flex-basis-100 align-self-lg-start align-self-md-start align-self-start\">\n<div class=\"h-icon style-782 style-local-97-c37 position-relative h-element\" data-colibri-id=\"97-c37\">\n<a href=\"https:\/\/www.youtube.com\/channel\/UC0Km2B1qWcSnwb8nbUMHnug\"><span class=\"h-svg-icon h-icon__icon style-782-icon style-local-97-c37-icon\"><!--Icon by Font Awesome (https:\/\/fontawesome.com)-->\n<\/span><\/a><\/div>\n<\/div>\n<\/div>\n<\/div>\n<\/div>\n<\/div>\n<\/div>\n<\/div>\n<\/div>\n<div class=\"h-column h-column-container d-flex h-col-lg-auto h-col-md-auto h-col-auto style-725-outer style-local-97-c38-outer\">\n<div class=\"d-flex h-flex-basis h-column__inner h-px-lg-2 h-px-md-2 h-px-2 v-inner-lg-2 v-inner-md-2 v-inner-2 style-725 style-local-97-c38 position-relative\" data-colibri-id=\"97-c38\">\n<div class=\"w-100 h-y-container h-column__content h-column__v-align flex-basis-100 align-self-lg-start align-self-md-start align-self-start\">\n<div class=\"h-global-transition-all h-heading style-726 style-local-97-c39 position-relative h-element\" data-colibri-id=\"97-c39\">\n<div class=\"h-heading__outer style-726 style-local-97-c39\">\n<h5 class=\"\">Le responderemos con la mayor brevedad posible<\/h5>\n<\/div>\n<\/div>\n<div class=\"h-contact-form__outer--forminator position-relative h-element\" data-colibri-id=\"97-c40\">\n<div class=\"h-global-transition-all h-global-transition h-global-transition-all h-contact-form-shortcode--no-style\"><div class=\"forminator-ui forminator-custom-form forminator-custom-form-569 forminator-design--default  forminator_ajax\" data-forminator-render=\"0\" data-form=\"forminator-module-569\" data-uid=\"69f61f5007189\"><br\/><\/div><form\n\t\t\t\tid=\"forminator-module-569\"\n\t\t\t\tclass=\"forminator-ui forminator-custom-form forminator-custom-form-569 forminator-design--default  forminator_ajax\"\n\t\t\t\tmethod=\"post\"\n\t\t\t\tdata-forminator-render=\"0\"\n\t\t\t\tdata-form-id=\"569\"\n\t\t\t\t data-color-option=\"default\" data-design=\"default\" data-grid=\"open\" style=\"display: none;\"\n\t\t\t\tdata-uid=\"69f61f5007189\"\n\t\t\t><div role=\"alert\" aria-live=\"polite\" class=\"forminator-response-message forminator-error\" aria-hidden=\"true\"><\/div><div class=\"forminator-row\"><div id=\"name-1\" class=\"forminator-field-name forminator-col forminator-col-12 \"><div class=\"forminator-field\"><label for=\"forminator-field-name-1_69f61f5007189\" id=\"forminator-field-name-1_69f61f5007189-label\" class=\"forminator-label\">Nombre <span class=\"forminator-required\">*<\/span><\/label><input type=\"text\" name=\"name-1\" value=\"\" placeholder=\"Ejemplo: Juan\" id=\"forminator-field-name-1_69f61f5007189\" class=\"forminator-input forminator-name--field\" aria-required=\"true\" autocomplete=\"name\" \/><\/div><\/div><\/div><div class=\"forminator-row\"><div id=\"email-1\" class=\"forminator-field-email forminator-col forminator-col-12 \"><div class=\"forminator-field\"><label for=\"forminator-field-email-1_69f61f5007189\" id=\"forminator-field-email-1_69f61f5007189-label\" class=\"forminator-label\">Correo electr\u00f3nico <span class=\"forminator-required\">*<\/span><\/label><input type=\"email\" name=\"email-1\" value=\"\" placeholder=\"Ej . : john@doe.com\" id=\"forminator-field-email-1_69f61f5007189\" class=\"forminator-input forminator-email--field\" data-required=\"true\" aria-required=\"true\" autocomplete=\"email\" \/><\/div><\/div><\/div><div class=\"forminator-row\"><div id=\"phone-1\" class=\"forminator-field-phone forminator-col forminator-col-12 \"><div class=\"forminator-field\"><label for=\"forminator-field-phone-1_69f61f5007189\" id=\"forminator-field-phone-1_69f61f5007189-label\" class=\"forminator-label\">N\u00famero de tel\u00e9fono<\/label><input type=\"text\" name=\"phone-1\" value=\"\" placeholder=\"Ejemplo: +1 3004005000\" id=\"forminator-field-phone-1_69f61f5007189\" class=\"forminator-input forminator-field--phone\" data-required=\"\" aria-required=\"false\" autocomplete=\"off\" \/><\/div><\/div><\/div><div class=\"forminator-row\"><div id=\"textarea-1\" class=\"forminator-field-textarea forminator-col forminator-col-12 \"><div class=\"forminator-field\"><label for=\"forminator-field-textarea-1_69f61f5007189\" id=\"forminator-field-textarea-1_69f61f5007189-label\" class=\"forminator-label\">Mensaje<\/label><textarea name=\"textarea-1\" placeholder=\"Introduce tu mensaje...\" id=\"forminator-field-textarea-1_69f61f5007189\" class=\"forminator-textarea\" rows=\"6\" style=\"min-height:140px;\" maxlength=\"180\" ><\/textarea><span id=\"forminator-field-textarea-1_69f61f5007189-description\" class=\"forminator-description\"><span data-limit=\"180\" data-type=\"characters\" data-editor=\"\">0 \/ 180<\/span><\/span><\/div><\/div><\/div><div class=\"forminator-row\"><div id=\"consent-1\" class=\"forminator-field-consent forminator-col forminator-col-12 \"><div class=\"forminator-field\"><label for=\"forminator-field-consent-1_69f61f5007189\" id=\"forminator-field-consent-1_69f61f5007189-label\" class=\"forminator-label\">Consentimiento <span class=\"forminator-required\">*<\/span><\/label><div class=\"forminator-checkbox__wrapper\"><label id=\"forminator-field-consent-1_69f61f5007189__label\" class=\"forminator-checkbox forminator-consent\" aria-labelledby=\"forminator-field-consent-1_69f61f5007189-label\"><input type=\"checkbox\" name=\"consent-1\" id=\"forminator-field-consent-1_69f61f5007189\" value=\"checked\" aria-labelledby=\"forminator-field-consent-1_69f61f5007189-label\" aria-describedby=\"forminator-field-consent-1_69f61f5007189__description\" data-required=\"true\" aria-required=\"true\" \/><span class=\"forminator-checkbox-box\" aria-hidden=\"true\"><\/span><\/label><div id=\"forminator-field-consent-1_69f61f5007189__description\" class=\"forminator-checkbox__label forminator-consent__label\"><p><a href=\"https:\/\/macpherson.es\/web\/politica-de-privacidad\/\" target=\"_blank\" rel=\"noopener\">S\u00ed, acepto la pol\u00edtica de privacidad.<\/a><\/p><\/div><\/div><\/div><\/div><\/div><input type=\"hidden\" name=\"referer_url\" value=\"\" \/><div class=\"forminator-row forminator-row-last\"><div class=\"forminator-col\"><div class=\"forminator-field\"><button class=\"forminator-button forminator-button-submit\">Enviar mensaje<\/button><\/div><\/div><\/div><input type=\"hidden\" id=\"forminator_nonce\" name=\"forminator_nonce\" value=\"98f836685c\" \/><input type=\"hidden\" name=\"_wp_http_referer\" value=\"\/web\/wp-json\/wp\/v2\/pages\/97\" \/><input type=\"hidden\" name=\"form_id\" value=\"569\"><input type=\"hidden\" name=\"page_id\" value=\"97\"><input type=\"hidden\" name=\"form_type\" value=\"default\"><input type=\"hidden\" name=\"current_url\" value=\"https:\/\/macpherson.es\/web\/contacto\/\"><input type=\"hidden\" name=\"render_id\" value=\"0\"><input type=\"hidden\" name=\"action\" value=\"forminator_submit_form_custom-forms\"><\/form><\/div>\n<\/div>\n<\/div>\n<\/div>\n<\/div>\n<\/div>\n<\/div>\n<\/div>\n<\/div>\n<\/div>","protected":false},"excerpt":{"rendered":"<p>Contacto Datos de contacto C\/ Seder\u00eda 30.6 Pol. Ind. El Palmar, 11500 El Puerto de Santa Mar\u00eda, C\u00e1diz, Espa\u00f1a. +34 956 540 539 +34 692 677 888 administracion@macpherson.es Le responderemos con la mayor brevedad posible<\/p>\n","protected":false},"author":1,"featured_media":0,"parent":0,"menu_order":0,"comment_status":"closed","ping_status":"closed","template":"page-templates\/full-width-page.php","meta":{"footnotes":""},"class_list":["post-97","page","type-page","status-publish","hentry"],"_links":{"self":[{"href":"https:\/\/macpherson.es\/web\/wp-json\/wp\/v2\/pages\/97","targetHints":{"allow":["GET"]}}],"collection":[{"href":"https:\/\/macpherson.es\/web\/wp-json\/wp\/v2\/pages"}],"about":[{"href":"https:\/\/macpherson.es\/web\/wp-json\/wp\/v2\/types\/page"}],"author":[{"embeddable":true,"href":"https:\/\/macpherson.es\/web\/wp-json\/wp\/v2\/users\/1"}],"replies":[{"embeddable":true,"href":"https:\/\/macpherson.es\/web\/wp-json\/wp\/v2\/comments?post=97"}],"version-history":[{"count":20,"href":"https:\/\/macpherson.es\/web\/wp-json\/wp\/v2\/pages\/97\/revisions"}],"predecessor-version":[{"id":3351,"href":"https:\/\/macpherson.es\/web\/wp-json\/wp\/v2\/pages\/97\/revisions\/3351"}],"wp:attachment":[{"href":"https:\/\/macpherson.es\/web\/wp-json\/wp\/v2\/media?parent=97"}],"curies":[{"name":"wp","href":"https:\/\/api.w.org\/{rel}","templated":true}]}}